{"id":2156,"date":"2023-10-12T19:00:00","date_gmt":"2023-10-12T23:00:00","guid":{"rendered":"https:\/\/stillcoviding.ca\/en\/?page_id=2156"},"modified":"2024-03-12T01:04:58","modified_gmt":"2024-03-12T05:04:58","slug":"community-groups","status":"publish","type":"page","link":"https:\/\/stillcoviding.ca\/en\/resources\/community-groups\/","title":{"rendered":"Community groups"},"content":{"rendered":"<nav class=\"page-content-nav\" aria-labelledby=\"content-header\" id=\"toc\">\n<header id=\"content-header\">Page contents<\/header>\n<div>\n<ul id=\"markdown-toc\">\n<li><a href=\"#canada\">Canada<\/a><\/li>\n<li><a href=\"#united-states\">United States<\/a><\/li>\n<li><a href=\"#united-kingdom\">United Kingdom<\/a><\/li>\n<li><a href=\"#international\">International<\/a><\/li>\n<\/ul>\n<\/div>\n<\/nav>\n<h2 id=\"canada\">Canada<\/h2>\n<p><span class=\"colour-dark-green fw-bold\">[Canada]<\/span>&nbsp;&nbsp;<a target=\"_blank\" href=\"https:\/\/covid19resources.ca\/\" rel=\"noopener\">COVID-19 Resources Canada<\/a><\/p>\n<p><span class=\"colour-dark-green fw-bold\">[Canada]<\/span>&nbsp;&nbsp;<a target=\"_blank\" href=\"https:\/\/covidsociety.ca\" rel=\"noopener\">Canadian Covid Society<\/a><\/p>\n<p><span class=\"colour-dark-green fw-bold\">[United States \/ Canada]<\/span>&nbsp;&nbsp;<a target=\"_blank\" href=\"https:\/\/covidsafecampus.org\/\" rel=\"noopener\">COVID Safe Campus<\/a><\/p>\n<p><span class=\"colour-dark-green fw-bold\">[Alberta]<\/span>&nbsp;&nbsp;<a target=\"_blank\" href=\"https:\/\/popab.ca\" rel=\"noopener\">Protect Our Province Alberta<\/a><\/p>\n<p><span class=\"colour-dark-green fw-bold\">[British Columbia]<\/span>&nbsp;&nbsp;<a target=\"_blank\" href=\"https:\/\/protectbc.ca\/\" rel=\"noopener\">Protect Our Province BC<\/a><\/p>\n<p><span class=\"colour-dark-green fw-bold\">[British Columbia]<\/span>&nbsp;&nbsp;<a target=\"_blank\" href=\"https:\/\/donoharmbc.ca\/\" rel=\"noopener\">DoNoHarm BC<\/a><\/p>\n<p><span class=\"colour-dark-green fw-bold\">[British Columbia]<\/span>&nbsp;&nbsp;<a target=\"_blank\" href=\"https:\/\/maskblocbc.ca\/\" rel=\"noopener\">Mask Bloc BC<\/a><\/p>\n<p><span class=\"colour-dark-green fw-bold\">[New Brunswick]<\/span>&nbsp;&nbsp;<a target=\"_blank\" href=\"https:\/\/protectnb.ca\/\" rel=\"noopener\">Protect Our Province New Brunswick<\/a><\/p>\n<p><span class=\"colour-dark-green fw-bold\">[Nova Scotia]<\/span>&nbsp;&nbsp;<a target=\"_blank\" href=\"https:\/\/www.popns.org\/\" rel=\"noopener\">Protect Our Province Nova Scotia (PoPNS)<\/a><\/p>\n<p><span class=\"colour-dark-green fw-bold\">[Ontario]<\/span>&nbsp;&nbsp;<a target=\"_blank\" href=\"https:\/\/www.ontarioschoolsafety.com\/\" rel=\"noopener\">Ontario School Safety<\/a><\/p>\n<p><span class=\"colour-dark-green fw-bold\">[PEI]<\/span>&nbsp;&nbsp;<a target=\"_blank\" lang=\"en\" href=\"https:\/\/protectpei.wordpress.com\" rel=\"noopener\">Protect Our Province PEI (PoP PEI)<\/a><\/p>\n<p><span class=\"colour-dark-green fw-bold\">[Quebec]<\/span>&nbsp;&nbsp;<a target=\"_blank\" lang=\"en\" href=\"https:\/\/www.popqc.ca\" rel=\"noopener\">Prot\u00e9geons notre province Qu\u00e9bec (POP Qu\u00e9bec)<\/a><\/p>\n<p><span class=\"colour-dark-green fw-bold\">[Quebec]<\/span>&nbsp;&nbsp;<a target=\"_blank\" href=\"https:\/\/www.facebook.com\/groups\/covidlongueqc\/\" rel=\"noopener\"><span lang=\"fr\">COVID longue Qu\u00e9bec<\/span> <span lang=\"en\">Long COVID<\/span> &#8211; <span lang=\"fr\">groupe de soutien<\/span><\/a><\/p>\n<p><span class=\"colour-dark-green fw-bold\">[Saskatchewan]<\/span>&nbsp;&nbsp;<a target=\"_blank\" lang=\"en\" href=\"https:\/\/www.actagainstcovid.ca\" rel=\"noopener\">Take Action Against COVID<\/a><\/p>\n<hr>\n<h2 id=\"united-states\">United States<\/h2>\n<p><span class=\"colour-dark-green fw-bold\"><b>[United States]<\/b><\/span>&nbsp;&nbsp;<a target=\"_blank\" href=\"https:\/\/peoplescdc.org\/\" rel=\"noopener\">People\u2019s CDC<\/a><\/p>\n<p><span class=\"colour-dark-green fw-bold\"><b>[United States \/ Canada]<\/b><\/span>&nbsp;&nbsp;<a target=\"_blank\" href=\"https:\/\/covidsafecampus.org\/\" rel=\"noopener\">COVID Safe Campus<\/a><\/p>\n<p><span class=\"colour-dark-green fw-bold\"><b>[New York]<\/b><\/span>&nbsp;&nbsp;<a target=\"_blank\" href=\"https:\/\/www.mandatemasksny.org\/\" rel=\"noopener\">Mandate Masks NY<\/a><\/p>\n<p><span class=\"colour-dark-green fw-bold\"><b>[Seattle]<\/b><\/span>&nbsp;&nbsp;<a target=\"_blank\" href=\"https:\/\/seattlestillcares.org\/\" rel=\"noopener\">Seattle Still Cares<\/a><\/p>\n<hr>\n<h2 id=\"united-kingdom\">United Kingdom<\/h2>\n<p><span class=\"colour-dark-green fw-bold\"><b>[United Kingdom]<\/b><\/span>&nbsp;&nbsp;<a target=\"_blank\" href=\"https:\/\/covidaction.uk\" rel=\"noopener\">Covid Action UK<\/a><\/p>\n<hr>\n<h2 id=\"international\">International<\/h2>\n<p><span class=\"colour-dark-green fw-bold\">[International]<\/span>&nbsp;&nbsp;The <a target=\"_blank\" lang=\"en\" href=\"https:\/\/covidactionmap.org\" rel=\"noopener\">COVID Action Map<\/a> is a community-generated mapping project documenting the growing movement of local, regional, national, international and virtual collectives organizing against the spread of SARS-CoV-2, the virus that causes acute COVID-19 infection and long COVID. <\/p>\n<p><span class=\"colour-dark-green fw-bold\">[International]<\/span>&nbsp;&nbsp;<a target=\"_blank\" lang=\"en\" href=\"https:\/\/whn.global\" rel=\"noopener\">World Health Network<\/a><\/p>\n<p><span class=\"colour-dark-green fw-bold\">[International]<\/span>&nbsp;&nbsp;<a target=\"_blank\" href=\"https:\/\/www.longcovidkids.org\/\" rel=\"noopener\">Long Covid Kids<\/a><\/p>\n<p><span class=\"colour-dark-green fw-bold\">[International]<\/span>&nbsp;&nbsp;<a target=\"_blank\" href=\"https:\/\/johnsnowproject.org\/\" rel=\"noopener\">The John Snow Project<\/a><\/p>\n","protected":false},"excerpt":{"rendered":"<p>Page contents Canada United States United Kingdom International Canada [Canada]&nbsp;&nbsp;COVID-19 Resources Canada [Canada]&nbsp;&nbsp;Canadian Covid Society [United States \/ Canada]&nbsp;&nbsp;COVID Safe Campus [Alberta]&nbsp;&nbsp;Protect Our Province Alberta&#8230;<\/p>\n<div class=\"more-link-wrapper\"><a class=\"more-link\" href=\"https:\/\/stillcoviding.ca\/en\/resources\/community-groups\/\">Continue reading<span class=\"screen-reader-text\">Community groups<\/span><\/a><\/div>\n","protected":false},"author":2,"featured_media":0,"parent":313,"menu_order":0,"comment_status":"closed","ping_status":"closed","template":"","meta":{"footnotes":""},"class_list":["post-2156","page","type-page","status-publish","hentry","entry"],"_links":{"self":[{"href":"https:\/\/stillcoviding.ca\/en\/wp-json\/wp\/v2\/pages\/2156","targetHints":{"allow":["GET"]}}],"collection":[{"href":"https:\/\/stillcoviding.ca\/en\/wp-json\/wp\/v2\/pages"}],"about":[{"href":"https:\/\/stillcoviding.ca\/en\/wp-json\/wp\/v2\/types\/page"}],"author":[{"embeddable":true,"href":"https:\/\/stillcoviding.ca\/en\/wp-json\/wp\/v2\/users\/2"}],"replies":[{"embeddable":true,"href":"https:\/\/stillcoviding.ca\/en\/wp-json\/wp\/v2\/comments?post=2156"}],"version-history":[{"count":7,"href":"https:\/\/stillcoviding.ca\/en\/wp-json\/wp\/v2\/pages\/2156\/revisions"}],"predecessor-version":[{"id":4866,"href":"https:\/\/stillcoviding.ca\/en\/wp-json\/wp\/v2\/pages\/2156\/revisions\/4866"}],"up":[{"embeddable":true,"href":"https:\/\/stillcoviding.ca\/en\/wp-json\/wp\/v2\/pages\/313"}],"wp:attachment":[{"href":"https:\/\/stillcoviding.ca\/en\/wp-json\/wp\/v2\/media?parent=2156"}],"curies":[{"name":"wp","href":"https:\/\/api.w.org\/{rel}","templated":true}]}}