{"id":1649,"date":"2023-09-28T12:00:00","date_gmt":"2023-09-28T16:00:00","guid":{"rendered":"https:\/\/stillcoviding.ca\/fr\/?page_id=1649"},"modified":"2023-11-05T20:44:55","modified_gmt":"2023-11-06T01:44:55","slug":"abonnez-vous-au-bulletin","status":"publish","type":"page","link":"https:\/\/stillcoviding.ca\/fr\/abonnez-vous-au-bulletin\/","title":{"rendered":"Abonnez-vous au bulletin"},"content":{"rendered":"<p>Nous sommes un groupe de personnes COVID-prudentes situ\u00e9es \u00e0 Ottawa-Gatineau qui cherchent \u00e0 partager des nouvelles et des informations sur la COVID-19 et des id\u00e9es sur la fa\u00e7on d\u2019assurer la s\u00e9curit\u00e9 de nos communaut\u00e9s.<\/p>\n<p>Inscrivez-vous \u00e0 \u00ab&nbsp;The COVID Times&nbsp;\u00bb pour recevoir un bref r\u00e9capitulatif mensuel de nouvelles int\u00e9ressantes et importantes sur la COVID-19 au Canada.<\/p>\n<h2>Nos objectifs sont les suivants&nbsp;:<\/h2>\n<ul>\n<li>Fournir des informations claires et directes sur la COVID-19 et sur la sant\u00e9 publique locale<\/li>\n<li>D\u00e9mystifier les informations erron\u00e9es sur la COVID-19<\/li>\n<li>Partager les actualit\u00e9s, les recherches et les d\u00e9veloppements pour ceux qui sont encore \u00ab\u00a0COVIDing\u00a0\u00bb<\/li>\n<li>Promouvoir les outils et les \u00ab&nbsp;bonnes nouvelles&nbsp;\u00bb pour aider les autres \u00e0 faire face aux d\u00e9fis de la pand\u00e9mie<\/li>\n<\/ul>\n<h2>Inscrivez-vous maintenant<\/h2>\n<p>Lorsque vous vous abonnez, vous recevrez un courriel confirmant votre abonnement. Vous devez y r\u00e9pondre afin d\u2019activer votre abonnement. Vous pouvez vous d\u00e9sabonner \u00e0 n\u2019importe quel moment.<\/p>\n<div class=\"tnp tnp-subscription stillcoviding-subscription-form\">\n<form method=\"post\" action=\"https:\/\/stillcoviding.ca\/fr\/wp-admin\/admin-ajax.php?action=tnp&amp;na=s\">\n<input type=\"hidden\" name=\"nlang\" value=\"\">\n<div class=\"tnp-field tnp-field-firstname\"><label for=\"tnp-1\">Pr\u00e9nom<\/label>\n<input class=\"tnp-name\" type=\"text\" name=\"nn\" id=\"tnp-1\" value=\"\" placeholder=\"\" required><\/div>\n<div class=\"tnp-field tnp-field-surname\"><label for=\"tnp-2\">Nom de famille<\/label>\n<input class=\"tnp-surname\" type=\"text\" name=\"ns\" id=\"tnp-2\" value=\"\" placeholder=\"\" required><\/div><div class=\"tnp-field tnp-field-email\"><label for=\"tnp-3\">Courriel<\/label>\n<input class=\"tnp-email\" type=\"email\" name=\"ne\" id=\"tnp-3\" value=\"\" placeholder=\"\" required><\/div>\n<div class=\"tnp-field tnp-privacy-field\"><label><input type=\"checkbox\" name=\"ny\" required class=\"tnp-privacy\"> <a target=\"_blank\" href=\"https:\/\/stillcoviding.ca\/fr\/politique-de-confidentialite\/\">J\u2019accepte la politique de confidentialit\u00e9<\/a><\/label><\/div><div class=\"tnp-field tnp-field-button\" style=\"text-align: left\"><input class=\"tnp-submit\" type=\"submit\" value=\"S\u2019abonner\" style=\"\">\n<\/div>\n<\/form>\n<\/div>\n\n","protected":false},"excerpt":{"rendered":"<p>Nous sommes un groupe de personnes COVID-prudentes situ\u00e9es \u00e0 Ottawa-Gatineau qui cherchent \u00e0 partager des nouvelles et des informations sur la COVID-19 et des id\u00e9es&#8230;<\/p>\n<div class=\"more-link-wrapper\"><a class=\"more-link\" href=\"https:\/\/stillcoviding.ca\/fr\/abonnez-vous-au-bulletin\/\">Lire la suite<span class=\"screen-reader-text\">Abonnez-vous au bulletin<\/span><\/a><\/div>\n","protected":false},"author":2,"featured_media":0,"parent":0,"menu_order":0,"comment_status":"closed","ping_status":"closed","template":"","meta":{"footnotes":""},"class_list":["post-1649","page","type-page","status-publish","hentry","entry"],"_links":{"self":[{"href":"https:\/\/stillcoviding.ca\/fr\/wp-json\/wp\/v2\/pages\/1649","targetHints":{"allow":["GET"]}}],"collection":[{"href":"https:\/\/stillcoviding.ca\/fr\/wp-json\/wp\/v2\/pages"}],"about":[{"href":"https:\/\/stillcoviding.ca\/fr\/wp-json\/wp\/v2\/types\/page"}],"author":[{"embeddable":true,"href":"https:\/\/stillcoviding.ca\/fr\/wp-json\/wp\/v2\/users\/2"}],"replies":[{"embeddable":true,"href":"https:\/\/stillcoviding.ca\/fr\/wp-json\/wp\/v2\/comments?post=1649"}],"version-history":[{"count":7,"href":"https:\/\/stillcoviding.ca\/fr\/wp-json\/wp\/v2\/pages\/1649\/revisions"}],"predecessor-version":[{"id":2409,"href":"https:\/\/stillcoviding.ca\/fr\/wp-json\/wp\/v2\/pages\/1649\/revisions\/2409"}],"wp:attachment":[{"href":"https:\/\/stillcoviding.ca\/fr\/wp-json\/wp\/v2\/media?parent=1649"}],"curies":[{"name":"wp","href":"https:\/\/api.w.org\/{rel}","templated":true}]}}