{"id":1923,"date":"2023-10-11T19:00:00","date_gmt":"2023-10-11T23:00:00","guid":{"rendered":"https:\/\/stillcoviding.ca\/fr\/?page_id=1923"},"modified":"2023-10-12T18:31:14","modified_gmt":"2023-10-12T22:31:14","slug":"communiquez-avec-nous","status":"publish","type":"page","link":"https:\/\/stillcoviding.ca\/fr\/communiquez-avec-nous\/","title":{"rendered":"Communiquez avec nous"},"content":{"rendered":"<p>Nous accueillons vos suggestions d\u2019articles et de ressources \u00e0 ajouter au site Web; et si vous rep\u00e9rez des erreurs, veuillez nous le faire savoir&nbsp;!<\/p>\n<p>Remarque&nbsp;: nous ne sommes pas en mesure d\u2019offrir des conseils m\u00e9dicaux ici. Si vous avez des probl\u00e8mes de sant\u00e9, veuillez communiquer avec un m\u00e9decin. Nous esp\u00e9rons que tout le monde reste en bonne sant\u00e9&nbsp;!<\/p>\n\n<form action=\"https:\/\/stillcoviding.ca\/fr\/wp-json\/ws-form\/v1\/submit\" class=\"wsf-form wsf-form-canvas\" id=\"ws-form-1\" data-id=\"1\" method=\"POST\" data-instance-id=\"1\"><\/form>","protected":false},"excerpt":{"rendered":"<p>Nous accueillons vos suggestions d\u2019articles et de ressources \u00e0 ajouter au site Web; et si vous rep\u00e9rez des erreurs, veuillez nous le faire savoir&nbsp;! Remarque&nbsp;:&#8230;<\/p>\n<div class=\"more-link-wrapper\"><a class=\"more-link\" href=\"https:\/\/stillcoviding.ca\/fr\/communiquez-avec-nous\/\">Lire la suite<span class=\"screen-reader-text\">Communiquez avec nous<\/span><\/a><\/div>\n","protected":false},"author":2,"featured_media":0,"parent":0,"menu_order":0,"comment_status":"closed","ping_status":"closed","template":"","meta":{"footnotes":""},"class_list":["post-1923","page","type-page","status-publish","hentry","entry"],"_links":{"self":[{"href":"https:\/\/stillcoviding.ca\/fr\/wp-json\/wp\/v2\/pages\/1923","targetHints":{"allow":["GET"]}}],"collection":[{"href":"https:\/\/stillcoviding.ca\/fr\/wp-json\/wp\/v2\/pages"}],"about":[{"href":"https:\/\/stillcoviding.ca\/fr\/wp-json\/wp\/v2\/types\/page"}],"author":[{"embeddable":true,"href":"https:\/\/stillcoviding.ca\/fr\/wp-json\/wp\/v2\/users\/2"}],"replies":[{"embeddable":true,"href":"https:\/\/stillcoviding.ca\/fr\/wp-json\/wp\/v2\/comments?post=1923"}],"version-history":[{"count":7,"href":"https:\/\/stillcoviding.ca\/fr\/wp-json\/wp\/v2\/pages\/1923\/revisions"}],"predecessor-version":[{"id":1993,"href":"https:\/\/stillcoviding.ca\/fr\/wp-json\/wp\/v2\/pages\/1923\/revisions\/1993"}],"wp:attachment":[{"href":"https:\/\/stillcoviding.ca\/fr\/wp-json\/wp\/v2\/media?parent=1923"}],"curies":[{"name":"wp","href":"https:\/\/api.w.org\/{rel}","templated":true}]}}