{"id":1957,"date":"2023-10-11T19:00:00","date_gmt":"2023-10-11T23:00:00","guid":{"rendered":"https:\/\/stillcoviding.ca\/fr\/?page_id=1957"},"modified":"2023-10-11T20:00:47","modified_gmt":"2023-10-12T00:00:47","slug":"avertissement","status":"publish","type":"page","link":"https:\/\/stillcoviding.ca\/fr\/avertissement\/","title":{"rendered":"Avertissement"},"content":{"rendered":"<p>L\u2019information contenue sur ce site web est pour des fins \u00e9ducatives seulement. Elle ne constitue pas un avis ou un traitement m\u00e9dical et ne devrait pas \u00eatre interpr\u00e9t\u00e9e comme tel. Vous ne devriez pas invoquer ces renseignements, ni prendre des mesures ou n\u00e9gliger de prendre des mesures en vous fondant sur ces renseignements. Il ne faut jamais ignorer les conseils m\u00e9dicaux ou tarder \u00e0 consulter un professionnel sur la base de ce que vous avez lu sur ce site.<\/p>\n<p>Still COVIDing Canada s\u2019engage \u00e0 maintenir ce site web \u00e0 jour en temps et en heure. Si toutefois vous rencontriez un probl\u00e8me ou des donn\u00e9es obsol\u00e8te, nous vous serions reconnaissants de nous le faire savoir. Veuillez indiquer o\u00f9 sur le site web vous lisez les informations incorrectes. Nous examinerons cela d\u00e8s que possible. Veuillez <a href=\"https:\/\/stillcoviding.ca\/fr\/communiquez-avec-nous\/\">utiliser le formulaire de contact<\/a> ou envoyer votre r\u00e9ponse par e-mail \u00e0&nbsp;: <span class=\"stillcoviding-obfuscate\">ac.gnidivocllits@sruerre<\/span>.<\/p>\n<p>Nous ne sommes pas responsables des pertes r\u00e9sultant d\u2019inexactitudes ou de lacunes, ni des pertes r\u00e9sultant de probl\u00e8mes caus\u00e9s par ou inh\u00e9rents \u00e0 la diffusion d\u2019informations par Internet, tels que des perturbations ou des interruptions. Lors de l\u2019utilisation de formulaires Web, nous nous effor\u00e7ons de limiter le nombre de champs obligatoires au minimum. Pour toute perte subie \u00e0 la suite de l\u2019utilisation de donn\u00e9es, de conseils ou d\u2019id\u00e9es fournis par ou au nom de Still COVIDing Canada via ce site web, Still COVIDing Canada n\u2019assume aucune responsabilit\u00e9.<\/p>\n<p>Still COVIDing Canada d\u00e9cline toute responsabilit\u00e9 quant au contenu des sites web auxquels ou \u00e0 partir desquels un hyperlien ou une autre r\u00e9f\u00e9rence est faite. Les produits ou services offerts par des tierces parties sont soumis aux termes et conditions applicables de ces tierces parties.<\/p>\n<p>Tous les droits de propri\u00e9t\u00e9 intellectuelle sur le contenu de ce site web sont d\u00e9tenus par Still COVIDing Canada ou par des tierces parties qui ont plac\u00e9 le contenu eux-m\u00eames ou de qui Still COVIDing Canada a obtenu une licence d\u2019utilisation.<\/p>\n<p>La copie, la diffusion et toute autre utilisation de ces documents sont interdites sans l\u2019autorisation \u00e9crite de Still COVIDing Canada, sauf si et dans la mesure o\u00f9 le stipule une r\u00e9glementation imp\u00e9rative (telle que le droit de citer), sauf indication contraire du contenu.<\/p>\n<p>Si vous avez des questions ou des probl\u00e8mes d\u2019accessibilit\u00e9 du site, n\u2019h\u00e9sitez pas \u00e0 nous contacter.<\/p>\n","protected":false},"excerpt":{"rendered":"<p>L\u2019information contenue sur ce site web est pour des fins \u00e9ducatives seulement. Elle ne constitue pas un avis ou un traitement m\u00e9dical et ne devrait&#8230;<\/p>\n<div class=\"more-link-wrapper\"><a class=\"more-link\" href=\"https:\/\/stillcoviding.ca\/fr\/avertissement\/\">Lire la suite<span class=\"screen-reader-text\">Avertissement<\/span><\/a><\/div>\n","protected":false},"author":2,"featured_media":0,"parent":0,"menu_order":0,"comment_status":"closed","ping_status":"closed","template":"","meta":{"footnotes":""},"class_list":["post-1957","page","type-page","status-publish","hentry","entry"],"_links":{"self":[{"href":"https:\/\/stillcoviding.ca\/fr\/wp-json\/wp\/v2\/pages\/1957","targetHints":{"allow":["GET"]}}],"collection":[{"href":"https:\/\/stillcoviding.ca\/fr\/wp-json\/wp\/v2\/pages"}],"about":[{"href":"https:\/\/stillcoviding.ca\/fr\/wp-json\/wp\/v2\/types\/page"}],"author":[{"embeddable":true,"href":"https:\/\/stillcoviding.ca\/fr\/wp-json\/wp\/v2\/users\/2"}],"replies":[{"embeddable":true,"href":"https:\/\/stillcoviding.ca\/fr\/wp-json\/wp\/v2\/comments?post=1957"}],"version-history":[{"count":6,"href":"https:\/\/stillcoviding.ca\/fr\/wp-json\/wp\/v2\/pages\/1957\/revisions"}],"predecessor-version":[{"id":1966,"href":"https:\/\/stillcoviding.ca\/fr\/wp-json\/wp\/v2\/pages\/1957\/revisions\/1966"}],"wp:attachment":[{"href":"https:\/\/stillcoviding.ca\/fr\/wp-json\/wp\/v2\/media?parent=1957"}],"curies":[{"name":"wp","href":"https:\/\/api.w.org\/{rel}","templated":true}]}}