{"id":1994,"date":"2023-10-12T19:00:00","date_gmt":"2023-10-12T23:00:00","guid":{"rendered":"https:\/\/stillcoviding.ca\/fr\/?page_id=1994"},"modified":"2023-11-13T05:32:33","modified_gmt":"2023-11-13T10:32:33","slug":"services-covid-prudents","status":"publish","type":"page","link":"https:\/\/stillcoviding.ca\/fr\/ressources\/services-covid-prudents\/","title":{"rendered":"Services COVID-prudents"},"content":{"rendered":"<p><a target=\"_blank\" lang=\"en\" href=\"https:\/\/covidmeetups.com\/\" rel=\"noopener\">Covid Meetups<\/a> \u2014 un service gratuit pour trouver des personnes, des familles et des entreprises\/services locaux qui prennent des pr\u00e9cautions contre la COVID dans votre r\u00e9gion.<\/p>\n<p><a target=\"_blank\" lang=\"en\" href=\"https:\/\/www.covidsafedentists.ca\/\" rel=\"noopener\">Covid Safe Dentists<\/a> est un site Web contenant des informations sur les dentistes COVID-prudents au Canada, aux \u00c9tats-Unis et dans d\u2019autres pays.<\/p>\n<p><a target=\"_blank\" lang=\"en\" href=\"https:\/\/covidsafeproviders.com\/\" rel=\"noopener\">Covid Safe Providers<\/a> est un site Web contenant des informations sur les fournisseurs de services de toutes sortes qui sont COVID-prudents.<\/p>\n<p><a target=\"_blank\" lang=\"en\" href=\"https:\/\/www.covidconscioustherapists.com\/\" rel=\"noopener\">COVID-Conscious Therapist Directory<\/a> est un site Web contenant un r\u00e9pertoire des fournisseurs de services de sant\u00e9 mentale au Canada, aux \u00c9tats-Unis et dans d\u2019autres pays.<\/p>\n<p><a target=\"_blank\" lang=\"en\" href=\"https:\/\/cleanairstars.com\/cat\/health-medical\/\" rel=\"noopener\">Clean Air Stars&nbsp;: Health and Medical<\/a> &mdash; un r\u00e9pertoire des fournisseurs de soins de sant\u00e9, y compris les m\u00e9decins, les dentistes et les conseillers.<\/p>\n<p><a target=\"_blank\" lang=\"en\" href=\"https:\/\/cleanairstars.com\/cat\/cinema\/\" rel=\"noopener\">Clean Air Stars&nbsp;: Cinema<\/a> &mdash; un r\u00e9pertoire des cin\u00e9mas avec service au volant et d\u2019autres lieux qui pr\u00e9sentent des films \u00e0 l\u2019ext\u00e9rieur.<\/p>\n<p><a target=\"_blank\" lang=\"en\" href=\"https:\/\/cleanairstars.com\/cat\/professionalservices\/\" rel=\"noopener\">Clean Air Stars&nbsp;: Professional Air Quality Services<\/a> &mdash; un r\u00e9pertoire des professionnels de la qualit\u00e9 de l\u2019air qui comprennent l\u2019importance de la ventilation et de la filtration de l\u2019air pendant une pand\u00e9mie.<\/p>\n<p><a target=\"_blank\" href=\"https:\/\/cleanairstars.com\/cat\/food\/\" rel=\"noopener\">Clean Air Stars&nbsp;: Restaurants \/ Bars<\/a> &mdash; un r\u00e9pertoire des restaurants, des caf\u00e9s, des bars et des pubs qui offrent \u00e0 leurs clients des restaurants en plein air ou des espaces int\u00e9rieurs o\u00f9 ils ont am\u00e9lior\u00e9 la ventilation ou la filtration pour r\u00e9duire les risques d\u2019infection par le SRAS-CoV-2.<\/p>\n","protected":false},"excerpt":{"rendered":"<p>Covid Meetups \u2014 un service gratuit pour trouver des personnes, des familles et des entreprises\/services locaux qui prennent des pr\u00e9cautions contre la COVID dans votre&#8230;<\/p>\n<div class=\"more-link-wrapper\"><a class=\"more-link\" href=\"https:\/\/stillcoviding.ca\/fr\/ressources\/services-covid-prudents\/\">Lire la suite<span class=\"screen-reader-text\">Services COVID-prudents<\/span><\/a><\/div>\n","protected":false},"author":2,"featured_media":0,"parent":265,"menu_order":0,"comment_status":"closed","ping_status":"closed","template":"","meta":{"footnotes":""},"class_list":["post-1994","page","type-page","status-publish","hentry","entry"],"_links":{"self":[{"href":"https:\/\/stillcoviding.ca\/fr\/wp-json\/wp\/v2\/pages\/1994","targetHints":{"allow":["GET"]}}],"collection":[{"href":"https:\/\/stillcoviding.ca\/fr\/wp-json\/wp\/v2\/pages"}],"about":[{"href":"https:\/\/stillcoviding.ca\/fr\/wp-json\/wp\/v2\/types\/page"}],"author":[{"embeddable":true,"href":"https:\/\/stillcoviding.ca\/fr\/wp-json\/wp\/v2\/users\/2"}],"replies":[{"embeddable":true,"href":"https:\/\/stillcoviding.ca\/fr\/wp-json\/wp\/v2\/comments?post=1994"}],"version-history":[{"count":7,"href":"https:\/\/stillcoviding.ca\/fr\/wp-json\/wp\/v2\/pages\/1994\/revisions"}],"predecessor-version":[{"id":2676,"href":"https:\/\/stillcoviding.ca\/fr\/wp-json\/wp\/v2\/pages\/1994\/revisions\/2676"}],"up":[{"embeddable":true,"href":"https:\/\/stillcoviding.ca\/fr\/wp-json\/wp\/v2\/pages\/265"}],"wp:attachment":[{"href":"https:\/\/stillcoviding.ca\/fr\/wp-json\/wp\/v2\/media?parent=1994"}],"curies":[{"name":"wp","href":"https:\/\/api.w.org\/{rel}","templated":true}]}}