{"id":1999,"date":"2023-10-12T19:00:00","date_gmt":"2023-10-12T23:00:00","guid":{"rendered":"https:\/\/stillcoviding.ca\/fr\/?page_id=1999"},"modified":"2025-06-08T15:52:03","modified_gmt":"2025-06-08T19:52:03","slug":"cartes-de-la-qualite-de-lair","status":"publish","type":"page","link":"https:\/\/stillcoviding.ca\/fr\/ressources\/cartes-de-la-qualite-de-lair\/","title":{"rendered":"Cartes de la qualit\u00e9 de l\u2019air"},"content":{"rendered":"<p><span class=\"colour-dark-green fw-bold\">[Am\u00e9rique du Nord]<\/span>&nbsp;<a target=\"_blank\" lang=\"fr\" href=\"https:\/\/aqmap.ca\/aqmap\/fr\/\" rel=\"noopener\">AQmap<\/a> &mdash; indique les concentrations horaires moyennes de particules fines (PM2,5) au Canada et dans le nord des \u00c9tats-Unis. Ce site Web est soutenu par l\u2019Universit\u00e9 du Nord de la Colombie-Britannique (UNBC) et Environnement et Changement climatique Canada (ECCC). Il est optimis\u00e9 pour un ordinateur de bureau ou portable.<\/p>\n<p><span class=\"colour-dark-green fw-bold\">[Am\u00e9rique du Nord]<\/span>&nbsp;<a target=\"_blank\" lang=\"en\" href=\"https:\/\/fire.airnow.gov\/#\" rel=\"noopener\">AirNow Fire and Smoke Map<\/a> (en anglais) \u2014 fournit des renseignements sur les concentrations de particules fines (PM2,5) provenant de la fum\u00e9e des feux de for\u00eat en Am\u00e9rique du Nord.<\/p>\n<p><span class=\"colour-dark-green fw-bold\">[Am\u00e9rique du Nord]<\/span>&nbsp;<a target=\"_blank\" href=\"https:\/\/map.purpleair.com\/\" rel=\"noopener\">PurpleAir Real-time Map<\/a> (en anglais) \u2014 fournit des renseignements en temps r\u00e9el sur les concentrations de particules fines (PM2,5) en Am\u00e9rique du Nord. Par d\u00e9faut, la carte affiche l\u2019indice de qualit\u00e9 de l\u2019air (AQI) bas\u00e9 sur les particules fines PM2,5, cr\u00e9\u00e9 par l\u2019Agence am\u00e9ricaine de protection de l\u2019environnement (EPA). Vous pouvez choisir d\u2019autres indices de la qualit\u00e9 de l\u2019air, y compris la cote air sant\u00e9 (CAS) du Canada.<\/p>\n<p><span class=\"colour-dark-green fw-bold\">[Am\u00e9rique du Nord \/ International]<\/span>&nbsp;<a target=\"_blank\" lang=\"en\" href=\"https:\/\/www.iqair.com\/canada\" rel=\"noopener\">IQAir &mdash; Air quality in Canada<\/a> (en anglais) &mdash; renseignements sur l\u2019indice de qualit\u00e9 de l\u2019air (AQI) et les concentrations de particules fines (PM2,5) dans les villes du monde entier.<\/p>\n<p><span class=\"colour-dark-green fw-bold\">[Am\u00e9rique du Nord]<\/span>&nbsp;<a target=\"_blank\" href=\"https:\/\/meteo.gc.ca\/firework\/\" rel=\"noopener\">Cartes des pr\u00e9visions du mod\u00e8le de la qualit\u00e9 de l\u2019air<\/a> \u2014 Les cartes des pr\u00e9visions du mod\u00e8le de la qualit\u00e9 de l\u2019air sont produites deux fois par jour par Environnement et Changement climatique Canada.<\/p>\n<p><span class=\"colour-dark-green fw-bold\">[Am\u00e9rique du Nord]<\/span>&nbsp;<a target=\"_blank\" lang=\"en\" href=\"https:\/\/www.ravenapp.org\/cleanair\" rel=\"noopener\">Raven Clean Air Map<\/a> (en anglais) \u2014 fournit des renseignements sur les concentrations de dioxyde de carbone \u00e0 divers endroits.<\/p>\n<hr>\n<p><span class=\"colour-dark-green fw-bold\">[Qu\u00e9bec]<\/span>&nbsp;<a target=\"_blank\" lang=\"fr\" href=\"https:\/\/www.environnement.gouv.qc.ca\/air\/reseau-surveillance\/Carte.asp\" rel=\"noopener\">R\u00e9seau de surveillance de la qualit\u00e9 de l\u2019air du Qu\u00e9bec<\/a> &mdash; le r\u00e9seau actuel se compose d\u2019une soixantaine de stations.<\/p>\n<hr>\n<p><span class=\"colour-dark-green fw-bold\">[Montr\u00e9al]<\/span>&nbsp;<a target=\"_blank\" lang=\"en\" href=\"https:\/\/montreal.ca\/en\/topics\/air-quality\" rel=\"noopener\">Montr\u00e9al&nbsp;: Qualit\u00e9 de l\u2019air<\/a> &mdash; Le r\u00e9seau de surveillance de la qualit\u00e9 de l\u2019air de la ville publie les donn\u00e9es sur une <a target=\"_blank\" lang=\"fr\" href=\"https:\/\/experience.arcgis.com\/experience\/81905068380240fbb27407b3373eed9a\" rel=\"noopener\">carte interactive<\/a>.<\/p>\n<hr>\n<p><span class=\"colour-dark-green fw-bold\">[Boston]<\/span>&nbsp;<a target=\"_blank\" href=\"https:\/\/bostonschoolsiaq.terrabase.com\/\" rel=\"noopener\">Boston Public Schools Indoor Air Quality<\/a> (en anglais) &mdash; Boston Public Schools a install\u00e9 des capteurs de qualit\u00e9 de l\u2019air int\u00e9rieur dans toutes les classes des \u00e9coles. Les capteurs fournissent des informations en temps r\u00e9el sur les mesures cl\u00e9s de la qualit\u00e9 de l\u2019air, y compris les concentrations de dioxyde de carbone, de monoxyde de carbone et de particules fines (PM2,5 et PM10).<\/p>\n<hr>\n<p><span class=\"colour-dark-green fw-bold\">[International]<\/span>&nbsp;<a target=\"_blank\" lang=\"en\" href=\"https:\/\/www.iqair.com\/\" rel=\"noopener\">IQAir<\/a> (en anglais) &mdash; renseignements sur l\u2019indice de qualit\u00e9 de l\u2019air (AQI) et les concentrations de particules fines (PM2,5) dans les villes du monde entier.<\/p>\n<hr>\n<p><i class=\"fa fa-camera\" aria-hidden=\"true\"><\/i>&nbsp;Description de l\u2019image&nbsp;: Feux de for\u00eat pr\u00e8s de Shelburne, en Nouvelle-\u00c9cosse, le 29&nbsp;mai\u00a02023. Image du NASA Earth Observatory. Photo prise par des astronautes \u00e0 bord de la Station spatiale internationale.<\/p>\n<hr>\n","protected":false},"excerpt":{"rendered":"<p>[Am\u00e9rique du Nord]&nbsp;AQmap &mdash; indique les concentrations horaires moyennes de particules fines (PM2,5) au Canada et dans le nord des \u00c9tats-Unis. Ce site Web est&#8230;<\/p>\n<div class=\"more-link-wrapper\"><a class=\"more-link\" href=\"https:\/\/stillcoviding.ca\/fr\/ressources\/cartes-de-la-qualite-de-lair\/\">Lire la suite<span class=\"screen-reader-text\">Cartes de la qualit\u00e9 de l\u2019air<\/span><\/a><\/div>\n","protected":false},"author":2,"featured_media":6028,"parent":265,"menu_order":0,"comment_status":"closed","ping_status":"closed","template":"","meta":{"footnotes":""},"class_list":["post-1999","page","type-page","status-publish","has-post-thumbnail","hentry","entry"],"_links":{"self":[{"href":"https:\/\/stillcoviding.ca\/fr\/wp-json\/wp\/v2\/pages\/1999","targetHints":{"allow":["GET"]}}],"collection":[{"href":"https:\/\/stillcoviding.ca\/fr\/wp-json\/wp\/v2\/pages"}],"about":[{"href":"https:\/\/stillcoviding.ca\/fr\/wp-json\/wp\/v2\/types\/page"}],"author":[{"embeddable":true,"href":"https:\/\/stillcoviding.ca\/fr\/wp-json\/wp\/v2\/users\/2"}],"replies":[{"embeddable":true,"href":"https:\/\/stillcoviding.ca\/fr\/wp-json\/wp\/v2\/comments?post=1999"}],"version-history":[{"count":6,"href":"https:\/\/stillcoviding.ca\/fr\/wp-json\/wp\/v2\/pages\/1999\/revisions"}],"predecessor-version":[{"id":8642,"href":"https:\/\/stillcoviding.ca\/fr\/wp-json\/wp\/v2\/pages\/1999\/revisions\/8642"}],"up":[{"embeddable":true,"href":"https:\/\/stillcoviding.ca\/fr\/wp-json\/wp\/v2\/pages\/265"}],"wp:featuredmedia":[{"embeddable":true,"href":"https:\/\/stillcoviding.ca\/fr\/wp-json\/wp\/v2\/media\/6028"}],"wp:attachment":[{"href":"https:\/\/stillcoviding.ca\/fr\/wp-json\/wp\/v2\/media?parent=1999"}],"curies":[{"name":"wp","href":"https:\/\/api.w.org\/{rel}","templated":true}]}}