{"id":2003,"date":"2023-10-12T19:00:00","date_gmt":"2023-10-12T23:00:00","guid":{"rendered":"https:\/\/stillcoviding.ca\/fr\/?page_id=2003"},"modified":"2024-08-19T02:39:46","modified_gmt":"2024-08-19T06:39:46","slug":"filtres-hepa-boites-corsi-rosenthal","status":"publish","type":"page","link":"https:\/\/stillcoviding.ca\/fr\/ressources\/filtres-hepa-boites-corsi-rosenthal\/","title":{"rendered":"Filtres HEPA \/ bo\u00eetes Corsi-Rosenthal"},"content":{"rendered":"<h2>Informations sur les filtres \u00e0 air et la transmission a\u00e9rienne<\/h2>\n<p><a target=\"_blank\" lang=\"en\" href=\"https:\/\/itsairborne.com\" rel=\"noopener\">It\u2019s Airborne<\/a><\/p>\n<p><a target=\"_blank\" lang=\"en\" href=\"https:\/\/cleanairstars.com\/\" rel=\"noopener\">Clean Air Stars<\/a><\/p>\n<hr>\n<h2>Guides d\u2019achat<\/h2>\n<p><a target=\"_blank\" lang=\"en\" href=\"https:\/\/www.nytimes.com\/wirecutter\/reviews\/best-air-purifier\/\" rel=\"noopener\">The New York Times &#8211; Wirecutter&nbsp;: The Best Air Purifier<\/a><\/p>\n<p><a target=\"_blank\" lang=\"en\" href=\"https:\/\/cleanaircrew.org\/air-cleaners\/\" rel=\"noopener\">CleanAirCrew&nbsp;: Portable Air Cleaner (HEPA filter) buying guide<\/a><\/p>\n<p><a target=\"_blank\" lang=\"en\" href=\"https:\/\/cleanairstars.com\/filters\/\" rel=\"noopener\">Clean Air Stars&nbsp;: Air Filter Recommendation Tool<\/a><\/p>\n<p><a target=\"_blank\" lang=\"en\" href=\"https:\/\/itsairborne.com\/how-to-pick-an-air-cleaner-31c238bcd91f\" rel=\"noopener\">Joey Fox&nbsp;: How to Pick an Air Cleaner<\/a><\/p>\n<p><a target=\"_blank\" lang=\"en\" href=\"https:\/\/itsairborne.com\/my-6-favorite-hepa-filters-air-cleaners-f3668de61f3f\" rel=\"noopener\">Joey Fox&nbsp;: My 6&nbsp;Favorite HEPA Filters &amp; Air Cleaners<\/a><\/p>\n<hr>\n<h2>Filtres HEPA<\/h2>\n<p><a target=\"_blank\" lang=\"en\" href=\"https:\/\/levoit.com\/collections\/air-purifiers\" rel=\"noopener\">Levoit &#8211; Air Purifiers<\/a><\/p>\n<hr>\n<h2>Comment faire une bo\u00eete Corsi-Rosenthal<\/h2>\n<p><a target=\"_blank\" lang=\"en\" href=\"https:\/\/itsairborne.com\/untangling-the-electronics-in-a-pc-fan-air-purifier-33f36b5834e1\" rel=\"noopener\">Untangling the Electronics in a PC Fan Air Purifier<\/a><\/p>\n\n<p><a target=\"_blank\" lang=\"en\" href=\"https:\/\/cleanaircrew.org\/box-fan-filters\/\" rel=\"noopener\">CleanAirCrew&nbsp;: DIY box fan filters \u2013 Corsi-Rosenthal box<\/a><\/p>\n\n<hr>\n<h3>Video&nbsp;: Comment construire une bo\u00eete Corsi-Rosenthal<\/h3>\n<p>Richard L. Corsi, doyen de l\u2019Universit\u00e9 de California \u00e0 Davis College of Engineering, explique comment construire une bo\u00eete Corsi-Rosenthal.<\/p>\n\n\n<figure class=\"wp-block-embed is-type-video is-provider-youtube wp-block-embed-youtube wp-embed-aspect-16-9 wp-has-aspect-ratio\"><div class=\"wp-block-embed__wrapper\">\n<iframe loading=\"lazy\" title=\"How to Build a Corsi-Rosenthal Box\" width=\"500\" height=\"281\" src=\"https:\/\/www.youtube.com\/embed\/hIuH-2naozI?feature=oembed\" frameborder=\"0\" allow=\"accelerometer; autoplay; clipboard-write; encrypted-media; gyroscope; picture-in-picture; web-share\" referrerpolicy=\"strict-origin-when-cross-origin\" allowfullscreen><\/iframe>\n<\/div><\/figure>\n","protected":false},"excerpt":{"rendered":"<p>Informations sur les filtres \u00e0 air et la transmission a\u00e9rienne It\u2019s Airborne Clean Air Stars Guides d\u2019achat The New York Times &#8211; Wirecutter&nbsp;: The Best&#8230;<\/p>\n<div class=\"more-link-wrapper\"><a class=\"more-link\" href=\"https:\/\/stillcoviding.ca\/fr\/ressources\/filtres-hepa-boites-corsi-rosenthal\/\">Lire la suite<span class=\"screen-reader-text\">Filtres HEPA \/ bo\u00eetes Corsi-Rosenthal<\/span><\/a><\/div>\n","protected":false},"author":2,"featured_media":0,"parent":265,"menu_order":0,"comment_status":"closed","ping_status":"closed","template":"","meta":{"footnotes":""},"class_list":["post-2003","page","type-page","status-publish","hentry","entry"],"_links":{"self":[{"href":"https:\/\/stillcoviding.ca\/fr\/wp-json\/wp\/v2\/pages\/2003","targetHints":{"allow":["GET"]}}],"collection":[{"href":"https:\/\/stillcoviding.ca\/fr\/wp-json\/wp\/v2\/pages"}],"about":[{"href":"https:\/\/stillcoviding.ca\/fr\/wp-json\/wp\/v2\/types\/page"}],"author":[{"embeddable":true,"href":"https:\/\/stillcoviding.ca\/fr\/wp-json\/wp\/v2\/users\/2"}],"replies":[{"embeddable":true,"href":"https:\/\/stillcoviding.ca\/fr\/wp-json\/wp\/v2\/comments?post=2003"}],"version-history":[{"count":7,"href":"https:\/\/stillcoviding.ca\/fr\/wp-json\/wp\/v2\/pages\/2003\/revisions"}],"predecessor-version":[{"id":6223,"href":"https:\/\/stillcoviding.ca\/fr\/wp-json\/wp\/v2\/pages\/2003\/revisions\/6223"}],"up":[{"embeddable":true,"href":"https:\/\/stillcoviding.ca\/fr\/wp-json\/wp\/v2\/pages\/265"}],"wp:attachment":[{"href":"https:\/\/stillcoviding.ca\/fr\/wp-json\/wp\/v2\/media?parent=2003"}],"curies":[{"name":"wp","href":"https:\/\/api.w.org\/{rel}","templated":true}]}}