{"id":2007,"date":"2023-10-12T19:00:00","date_gmt":"2023-10-12T23:00:00","guid":{"rendered":"https:\/\/stillcoviding.ca\/fr\/?page_id=2007"},"modified":"2025-12-27T17:26:01","modified_gmt":"2025-12-27T22:26:01","slug":"masques-respirateurs","status":"publish","type":"page","link":"https:\/\/stillcoviding.ca\/fr\/ressources\/masques-respirateurs\/","title":{"rendered":"Masques \/ respirateurs"},"content":{"rendered":"<nav class=\"page-content-nav\" aria-labelledby=\"content-header\" id=\"toc\">\n<header id=\"content-header\">Contenu de la page<\/header>\n<div>\n<ul id=\"markdown-toc\">\n<li><a href=\"#canada\">Masques \/ respirateurs fabriqu\u00e9s au Canada<\/a><\/li>\n<li><a href=\"#international\">Respirateurs fabriqu\u00e9s en Europe et en Asie<\/a><\/li>\n<li><a href=\"#ressources\">Ressources<\/a><\/li>\n<li><a href=\"#magasins-et-organisations\">Magasins et organisations<\/a><\/li>\n<\/ul>\n<\/div>\n<\/nav>\n<h2 id=\"canada\">Masques \/ respirateurs fabriqu\u00e9s au Canada<\/h2>\n<p>\ud83c\udf41 Des <a target=\"_blank\" href=\"https:\/\/canadastrong.ca\/collections\/other-items-from-canada-strong\" lang=\"en\" rel=\"noopener\">trousses d\u2019\u00e9chantillons de masques<\/a> sont disponibles sur le site Web de Canada Strong et <a target=\"_blank\" href=\"https:\/\/shop.evidencebased.ca\/\">le magasin <abbr title=\"Evidence-Based Social Enterprises Canada\">EBSECan<\/abbr><\/a>.<\/p>\n<p>\ud83c\udf41 Les masques et respirateurs Vitacore sont fabriqu\u00e9s en Colombie-Britannique. Par exemple, les <a href=\"https:\/\/shop.vitacore.ca\/collections\/frontpage\/products\/can99-9500\" lang=\"en\" target=\"_blank\" rel=\"noopener\">respirateurs Vitacore CAN99 9500 N95\/FFP3<\/a>, disponibles sur <a target=\"_blank\" href=\"https:\/\/shop.vitacore.ca\/\" rel=\"noopener\">Vitacore<\/a>, <a target=\"_blank\" href=\"https:\/\/shop.evidencebased.ca\/\">le magasin <abbr title=\"Evidence-Based Social Enterprises Canada\">EBSECan<\/abbr><\/a>, <a target=\"_blank\" href=\"https:\/\/canadastrong.ca\/\">Canada Strong<\/a> et <a target=\"_blank\" href=\"https:\/\/www.londondrugs.com\/\">London Drugs<\/a>. Si vous habitez aux \u00c9tats-Unis, vous pouvez les acheter dans <a target=\"_blank\" href=\"https:\/\/shop.vitacore.com\/\">le magasin am\u00e9ricain de Vitacore<\/a>. En dehors de l\u2019Am\u00e9rique du Nord&nbsp;: <a target=\"_blank\" lang=\"en\" href=\"https:\/\/thefacemaskstore.co.uk\/face-masks\/\" rel=\"noopener\">The Face Mask Store<\/a>.<\/p>\n<p>\ud83c\udf41 Certains respirateurs 3M Aura 1870+ N95 sont fabriqu\u00e9s \u00e0 Brockville, en Ontario (ils sont fabriqu\u00e9s au Canada et aux \u00c9tats-Unis). Ils sont disponibles sur le site de <a target=\"_blank\" href=\"https:\/\/www.ppe-supply.com\/\" rel=\"noopener\">PPE Supply Canada<\/a>. Un conseil&nbsp;: si vous \u00eates membre d\u2019un mask bloc et votre groupe a besoin de beaucoup de masques, consultez le site Web <a target=\"_blank\" href=\"https:\/\/www.gcsurplus.ca\/mn-fra.cfm\" rel=\"noopener\">GCSurplus<\/a> ou le site Web de <a target=\"_blank\" href=\"https:\/\/shop.vitacore.ca\/\" lang=\"en\" rel=\"noopener\">Vitacore<\/a>&nbsp;; des caisses contenant 440 masques sont disponibles.<\/p>\n<p>\ud83c\udf41 Certains respirateurs 3M Aura 9205+ N95 sont fabriqu\u00e9s \u00e0 Brockville, en Ontario (ils sont fabriqu\u00e9s au Canada, \u00e0 Singapour et aux \u00c9tats-Unis). Des caisses de 440 masques sont disponibles aupr\u00e8s de <a target=\"_blank\" href=\"https:\/\/www.tenaquip.com\/\" rel=\"noopener\">TENAQUIP<\/a>. Remarque : les bo\u00eetes plus petites ne sont pas fabriqu\u00e9es au Canada.<\/p>\n<p>\ud83c\udf41 Les masques BreatheTeq KN95, disponibles sur le site Web de <a target=\"_blank\" href=\"https:\/\/canadastrong.ca\/\" rel=\"noopener\">Canada Strong<\/a>. Il existe un <a target=\"_blank\" href=\"https:\/\/breatheteq.com\/\" rel=\"noopener\">site am\u00e9ricain pour les masques BreathTeq<\/a>.<\/p>\n<p>\ud83c\udf41 Le respirateur <a href=\"https:\/\/prescientx.com\/products\/breathe-reusable-mask-single?variant=40536755011637\" target=\"_blank\" lang=\"en\" rel=\"noopener\">Prescient<sup>x<\/sup> [breathe]\u2122 Reusable Mask<\/a> est disponible dans la boutique en ligne de l\u2019entreprise et sur <a target=\"_blank\" href=\"https:\/\/shop.evidencebased.ca\/\">le magasin <abbr title=\"Evidence-Based Social Enterprises Canada\">EBSECan<\/abbr><\/a>.<\/p>\n<p>\ud83c\udf41 Les masques <a target=\"_blank\" href=\"https:\/\/shop.evidencebased.ca\/products\/eclipse-arc-n95-equivalent-masks?variant=45110733603092\">Eclipse ARC N95-equivalent masks<\/a>, disponibles sur <a target=\"_blank\" href=\"https:\/\/shop.evidencebased.ca\/\">le magasin <abbr title=\"Evidence-Based Social Enterprises Canada\">EBSECan<\/abbr><\/a> et <a target=\"_blank\" href=\"https:\/\/donatemask.ca\/request\/\">Donate a Mask<\/a>.<\/p>\n<p>\ud83c\udf41 Les <a target=\"_blank\" href=\"https:\/\/shop.evidencebased.ca\/products\/medicom-safemask-architect-pro\">respirateurs Medicom SafeMask Architect Pro<\/a>, disponibles sur <a target=\"_blank\" href=\"https:\/\/shop.evidencebased.ca\/\">le magasin <abbr title=\"Evidence-Based Social Enterprises Canada\">EBSECan<\/abbr><\/a>, la <a target=\"_blank\" href=\"https:\/\/products.redcross.ca\/fr\">Croix-Rouge canadienne<\/a> et le site Web <a target=\"_blank\" href=\"https:\/\/www.gcsurplus.ca\/mn-fra.cfm\" rel=\"noopener\">GCSurplus<\/a>.<\/p>\n<p>\ud83c\udf41 Voulez-vous recycler vos masques et gants&nbsp;? Vous pouvez obtenir des bacs de recyclage de <a target=\"_blank\" href=\"https:\/\/canadastrong.ca\/products\/face-mask-recycling-bin\" rel=\"noopener\">Canada Strong<\/a> et de <a target=\"_blank\" href=\"https:\/\/www.vitacore.com\/ppe-recycling-program\" rel=\"noopener\">Vitacore<\/a>.<\/p>\n<p>\u26a0\ufe0f \u00c9vitez d\u2019acheter des masques sur Amazon. L\u2019entreprise est connue pour <a target=\"_blank\" href=\"https:\/\/ici.radio-canada.ca\/nouvelle\/2139065\/amazon-commence-ermeture-entrepots-quebec\">ses pratiques de travail probl\u00e9matiques<\/a>.<\/p>\n<hr>\n<h2 id=\"international\">Respirateurs fabriqu\u00e9s en Europe et en Asie<\/h2>\n<p><span aria-label=\"Drapeau de l\u2019Union europ\u00e9enne\">\ud83c\uddea\ud83c\uddfa<\/span> Les respirateurs X-plore 1950 de Dr\u00e4ger sont fabriqu\u00e9s en Su\u00e8de. Vous pouvez acheter <a target=\"_blank\" href=\"https:\/\/canadastrong.ca\/products\/drager-x-plore-1950-niosh-n95-2-piece-sample-kit-made-in-sweden\">un kit d\u2019\u00e9chantillons en deux parties sur le site de Canada Strong<\/a>. Le kit d\u2019\u00e9chantillons comprend le Dr\u00e4ger 1950 NIOSH N95 en deux tailles&nbsp;: petite et moyenne-grande.<\/p>\n<p><span aria-label=\"Drapeau de l\u2019Union europ\u00e9enne\">\ud83c\uddea\ud83c\uddfa<\/span> Les respirateurs X-plore 1750 de Dr\u00e4ger sont fabriqu\u00e9s en Allemagne. Vous pouvez acheter <a target=\"_blank\" href=\"https:\/\/canadastrong.ca\/products\/draeger-niosh-n95-respirator-mask-made-in-usa\">les respirateurs X-plore 1750 de Dr\u00e4ger sur le site de Canada Strong<\/a>.<\/p>\n<p><span aria-label=\"Drapeau de Chine\">\ud83c\udde8\ud83c\uddf3<\/span> Les <a target=\"_blank\" lang=\"en\" href=\"https:\/\/tridentsafety.com.au\/respirators\/p2-level-3-surgical-respirator\/\">respirateurs Trident P2<\/a> sont disponibles au magasin <a target=\"_blank\" href=\"https:\/\/thefacemaskstore.co.uk\/face-masks\/\" rel=\"noopener\">The Face Mask Store<\/a> (bas\u00e9 au Royaume-Uni).<\/p>\n<p><span aria-label=\"Drapeau du Royaume-Uni\">\ud83c\uddec\ud83c\udde7<\/span> Les respirateurs 3M Aura 9330+ FFP3 (sans soupape), les respirateurs 3M Aura 1863+ FFP3 (sans soupape), et les respirateurs Alpha Solway HX3 FFP3 sont fabriqu\u00e9s au Royaume-Uni; ils sont disponibles dans le magasin <a target=\"_blank\" href=\"https:\/\/thefacemaskstore.co.uk\/face-masks\/\" rel=\"noopener\">The Face Mask Store<\/a> (au Royaume-Uni).<\/p>\n<p><span aria-label=\"Drapeau de Ta\u00efwan\">\ud83c\uddf9\ud83c\uddfc<\/span> <a target=\"_blank\" lang=\"en\" href=\"https:\/\/thefacemaskstore.co.uk\/product\/champak-pc520m-medium-niosh-n95-mask\/\">Les respirateurs Champak PC520M Medium N95<\/a> sont disponibles dans le magasin <a target=\"_blank\" href=\"https:\/\/thefacemaskstore.co.uk\/face-masks\/\" rel=\"noopener\">The Face Mask Store<\/a> (au Royaume-Uni). Ces respirateurs conviennent aux adolescents et aux adultes avec de petits visages. Les masques ont des sangles pour la t\u00eate, et ils sont fabriqu\u00e9s \u00e0 Ta\u00efwan.<\/p>\n<p>\ud83c\udf0d <a target=\"_blank\" href=\"https:\/\/www.reddit.com\/r\/Masks4All\/wiki\/index\/\" rel=\"noopener\">The Masks4All Wiki<\/a> comprend une liste des fournisseurs de masques du monde entier.<\/p>\n<hr>\n<h2 id=\"ressources\">Ressources<\/h2>\n<p><span class=\"colour-dark-green fw-bold\">[International]<\/span>&nbsp;Le <a target=\"_blank\" lang=\"en\" href=\"https:\/\/covidactionmap.org\" rel=\"noopener\">COVID Action Map<\/a> est un projet de cartographie communautaire. Visitez le site Web pour trouver un mask bloc pr\u00e8s de chez vous. Les mask blocs fournissent des respirateurs gratuits aux collectivit\u00e9s.<\/p>\n<p><span class=\"colour-dark-green fw-bold\">[International]<\/span>&nbsp;<a target=\"_blank\" lang=\"en\" href=\"https:\/\/maskbloc.org\" rel=\"noopener\">MaskBloc.org<\/a> r\u00e9pertorie les mask blocs actifs dans le monde entier. Les blocs fournissent gratuitement des masques, des tests rapides et d\u2019autres \u00e9quipements \u00e0 leurs communaut\u00e9s.<\/p>\n<p><span class=\"colour-dark-green fw-bold\">[International]<\/span>&nbsp;<a target=\"_blank\" lang=\"en\" href=\"https:\/\/www.reddit.com\/r\/Masks4All\/wiki\/index\/\" rel=\"noopener\">The Masks4All Wiki<\/a> &mdash; Ce wiki comprend une liste des fournisseurs de masques au Canada, aux \u00c9tats-Unis et dans de nombreux autres pays.<\/p>\n<p><a target=\"_blank\" lang=\"en\" href=\"https:\/\/www.urmc.rochester.edu\/strong-center-developmental-disabilities\/resources\/masks-toolkit.aspx\" rel=\"noopener\">University of Rochester Medical Center&nbsp;: Masks Toolkit<\/a> &mdash; Une trousse contenant des conseils pour aider les enfants \u00e0 porter un masque. Remarque&nbsp;: la trousse a \u00e9t\u00e9 mise \u00e0 jour en 2020. Il existe maintenant de meilleures options pour les respirateurs, comme le <a target=\"_blank\" href=\"https:\/\/www.flomask.com\/collections\/flo-mask-bundle-mask-12-filters\" lang=\"en\" rel=\"noopener\">Flo Mask for kids<\/a> et les respirateurs Vitacore.<\/p>\n<hr>\n<h2 id=\"magasins-et-organisations\">Magasins et organisations<\/h2>\n<p><span class=\"colour-dark-green fw-bold\">[Canada]<\/span>&nbsp;<a target=\"_blank\" lang=\"en\" href=\"https:\/\/donatemask.ca\/\" rel=\"noopener\">Donate A Mask<\/a> est un organisme de bienfaisance g\u00e9r\u00e9 par des b\u00e9n\u00e9voles qui exp\u00e9die gratuitement des masques respiratoires \u00e9quivalents au N95 \u00e0 toute personne au Canada qui en fait la demande. L\u2019organisme de bienfaisance vise \u00e0 soutenir les personnes vuln\u00e9rables et celles qui ne peuvent pas se permettre ou n\u2019ont pas acc\u00e8s \u00e0 des masques de haute qualit\u00e9.<\/p>\n<p><span class=\"colour-dark-green fw-bold\">[Canada]<\/span>&nbsp;<a target=\"_blank\" lang=\"en\" href=\"https:\/\/canadastrong.ca\/\" rel=\"noopener\">Canada Strong Masks<\/a> &mdash; La boutique en ligne comprend une excellente s\u00e9lection de respirateurs N95 et FFP3, y compris les Vitacore CAN99\u00a09500, 3M&nbsp;Aura&nbsp;1870+, 3M&nbsp;Aura&nbsp;9205+, 3M&nbsp;Aura&nbsp;9210+, 3M&nbsp;VFlex&nbsp;1804, 3M&nbsp;VFlex&nbsp;1804S, 3M&nbsp;1860, 3M&nbsp;1860S, 3M&nbsp;VFlex&nbsp;9105, 3M&nbsp;VFlex&nbsp;9105S, Dr\u00e4ger&nbsp;X-plore&nbsp;1750 et Dr\u00e4ger&nbsp;X-plore&nbsp;1950. Des <a target=\"_blank\" href=\"https:\/\/canadastrong.ca\/collections\/other-items-from-canada-strong\" lang=\"en\" rel=\"noopener\">trousses d\u2019\u00e9chantillons de masques<\/a> et des <a target=\"_blank\" href=\"https:\/\/canadastrong.ca\/products\/face-mask-recycling-bin\" lang=\"en\" rel=\"noopener\">bacs de recyclage<\/a> sont disponibles.<\/p>\n<p><span class=\"colour-dark-green fw-bold\">[Canada]<\/span>&nbsp;<a target=\"_blank\" lang=\"en\" href=\"https:\/\/www.ppe-supply.com\/\" rel=\"noopener\">PPE Supply Canada<\/a> &mdash; Le 3M&nbsp;Aura&nbsp;1870+ et le 3M&nbsp;1860 sont d\u2019excellentes options. Ce sont des respirateurs N95, et ils ont des sangles de t\u00eate pour un ajustement serr\u00e9. Cette boutique en ligne vend \u00e9galement les <a target=\"_blank\" lang=\"en\" href=\"https:\/\/www.ppe-supply.com\/products\/flowflex-covid-19-antigen-rapid-test\" rel=\"noopener\">tests rapides Flowflex<\/a>. Les <a target=\"_blank\" href=\"https:\/\/www.ppe-supply.com\/products\/artron-rapid-response-covid-19-antigen-test-kit\" rel=\"noopener\">tests rapides Artron<\/a> sont fabriqu\u00e9s au Canada.<\/p>\n<p><span class=\"colour-dark-green fw-bold\">[Canada]<\/span>&nbsp;<a target=\"_blank\" lang=\"en\" href=\"https:\/\/prescientx.com\/\" rel=\"noopener\">Prescient<sup>x<\/sup><\/a> &mdash; Le <a href=\"https:\/\/prescientx.com\/products\/breathe-reusable-mask-single?variant=40536755011637\" target=\"_blank\" lang=\"en\" rel=\"noopener\">[breathe]\u2122 Reusable Mask<\/a> est disponible sur la boutique en ligne. Chaque trousse de masque comprend cinq filtres, un bandeau et des boucles d\u2019oreille. Les masques sont fabriqu\u00e9s au Canada. Les masques ne peuvent pas \u00eatre exp\u00e9di\u00e9s aux \u00c9tats-Unis.<\/p>\n<p><span class=\"colour-dark-green fw-bold\">[Canada]<\/span>&nbsp;<a target=\"_blank\" lang=\"en\" href=\"https:\/\/shop.vitacore.ca\/\" rel=\"noopener\">Vitacore<\/a> &mdash; Le <a href=\"https:\/\/shop.vitacore.ca\/collections\/frontpage\/products\/can99-9500\" lang=\"en\" target=\"_blank\" rel=\"noopener\">respirateur Vitacore CAN99\u00a09500<\/a> est dot\u00e9 de pi\u00e8ges \u00e0 t\u00eate pour un ajustement serr\u00e9, et il s\u2019agit d\u2019un N95 et d\u2019un FFP3 (filtration >&nbsp;99%). Les respirateurs Vitacore sont fabriqu\u00e9s en Colombie-Britannique. Vous pouvez \u00e9galement acheter des bacs de recyclage de masques et d\u2019autres <abbr title=\"\u00e9quipements de protection individuelle\">EPI<\/abbr> dans la boutique en ligne.<\/p>\n<p><span class=\"colour-dark-green fw-bold\">[\u00c9tats-Unis]<\/span>&nbsp;<a target=\"_blank\" href=\"https:\/\/breatheteq.com\/\" rel=\"noopener\">BreatheTeq<\/a> &mdash; Les masques BreatheTeq KN95 sont fabriqu\u00e9s au Canada. Ce site est destin\u00e9 aux clients des \u00c9tats-Unis; si vous habitez au Canada, vous pouvez commander les masques \u00e0 partir de <a target=\"_blank\" href=\"https:\/\/canadastrong.ca\/\" rel=\"noopener\">Canada Strong<\/a>.<\/p>\n<p><span class=\"colour-dark-green fw-bold\">[\u00c9tats-Unis]<\/span>&nbsp;<a target=\"_blank\" lang=\"en\" href=\"https:\/\/flomask.com\/\" rel=\"noopener\">Flo Mask<\/a><\/p>\n<p><span class=\"colour-dark-green fw-bold\">[\u00c9tats-Unis]<\/span>&nbsp;<a target=\"_blank\" lang=\"en\" href=\"https:\/\/www.projectn95.org\/\" rel=\"noopener\">Project N95<\/a> &mdash; Malheureusement, la boutique \u00e0 but non lucratif Project N95 a ferm\u00e9. Le site Web comprend maintenant une liste de masques, avec des liens vers les magasins en ligne. Les liens sont \u00e0 jour au 31&nbsp;janvier\u00a02024.<\/p>\n<p><span class=\"colour-dark-green fw-bold\">[\u00c9tats-Unis]<\/span>&nbsp;<a target=\"_blank\" lang=\"en\" href=\"https:\/\/readimask.com\/\" rel=\"noopener\">ReadiMask<\/a><\/p>\n<p><span class=\"colour-dark-green fw-bold\">[\u00c9tats-Unis]<\/span>&nbsp;<a target=\"_blank\" lang=\"en\" href=\"https:\/\/shop.vitacore.com\/\" rel=\"noopener\">Vitacore \u2014 magasin aux \u00c9tats-Unis<\/a><\/p>\n<p><span class=\"colour-dark-green fw-bold\">[Oc\u00e9anie]<\/span>&nbsp;<a target=\"_blank\" href=\"https:\/\/co2radical.com.au\/\" rel=\"noopener\">CO\u2082 Radical<\/a> &mdash; Ce magasin est bas\u00e9 en Australie. Il peut exp\u00e9dier des respirateurs en Australie, en Nouvelle-Z\u00e9lande et ailleurs en Oc\u00e9anie. Les respirateurs disponibles comprennent&nbsp;: les respirateurs Trident P2 (disponibles dans une gamme de tailles), les respirateurs noirs Vitacore CAN99 avec bandeaux et les respirateurs 3M Aura 1870+ N95. Des kits d\u2019\u00e9chantillons sont disponibles.<\/p>\n<p><span class=\"colour-dark-green fw-bold\">[Royaume-Uni]<\/span>&nbsp;<a target=\"_blank\" lang=\"en\" href=\"https:\/\/thefacemaskstore.co.uk\/face-masks\/\" rel=\"noopener\">The Face Mask Store<\/a> &mdash; Ce magasin est bas\u00e9 au Royaume-Uni, mais il peut exp\u00e9dier des respirateurs \u00e0 des adresses internationales. Certains respirateurs FFP3 sont disponibles; par exemple&nbsp;: les respirateurs Vitacore CAN99 9500 N95\/FFP3, les respirateurs 3M Aura 9330+ FFP3, les respirateurs 3M Aura 1863+ FFP3, et les respirateurs Alpha Solway FFP3.<\/p>\n<p><span class=\"colour-dark-green fw-bold\">[Union europ\u00e9enne]<\/span>&nbsp;<a target=\"_blank\" lang=\"en\" href=\"https:\/\/www.maskwholesale.eu\/\" rel=\"noopener\">maskwholesale.eu<\/a> &mdash; Ce magasin est bas\u00e9 en Allemagne, mais il peut exp\u00e9dier des respirateurs et des tests rapides \u00e0 des adresses internationales. Il existe une bonne s\u00e9lection de respirateurs et de tests (y compris des respirateurs FFP3, les tests PlusLife, et les tests rapides Flowflex).<\/p>\n","protected":false},"excerpt":{"rendered":"<p>Contenu de la page Masques \/ respirateurs fabriqu\u00e9s au Canada Respirateurs fabriqu\u00e9s en Europe et en Asie Ressources Magasins et organisations Masques \/ respirateurs fabriqu\u00e9s&#8230;<\/p>\n<div class=\"more-link-wrapper\"><a class=\"more-link\" href=\"https:\/\/stillcoviding.ca\/fr\/ressources\/masques-respirateurs\/\">Lire la suite<span class=\"screen-reader-text\">Masques \/ respirateurs<\/span><\/a><\/div>\n","protected":false},"author":2,"featured_media":3117,"parent":265,"menu_order":0,"comment_status":"closed","ping_status":"closed","template":"","meta":{"footnotes":""},"class_list":["post-2007","page","type-page","status-publish","has-post-thumbnail","hentry","entry"],"_links":{"self":[{"href":"https:\/\/stillcoviding.ca\/fr\/wp-json\/wp\/v2\/pages\/2007","targetHints":{"allow":["GET"]}}],"collection":[{"href":"https:\/\/stillcoviding.ca\/fr\/wp-json\/wp\/v2\/pages"}],"about":[{"href":"https:\/\/stillcoviding.ca\/fr\/wp-json\/wp\/v2\/types\/page"}],"author":[{"embeddable":true,"href":"https:\/\/stillcoviding.ca\/fr\/wp-json\/wp\/v2\/users\/2"}],"replies":[{"embeddable":true,"href":"https:\/\/stillcoviding.ca\/fr\/wp-json\/wp\/v2\/comments?post=2007"}],"version-history":[{"count":7,"href":"https:\/\/stillcoviding.ca\/fr\/wp-json\/wp\/v2\/pages\/2007\/revisions"}],"predecessor-version":[{"id":9921,"href":"https:\/\/stillcoviding.ca\/fr\/wp-json\/wp\/v2\/pages\/2007\/revisions\/9921"}],"up":[{"embeddable":true,"href":"https:\/\/stillcoviding.ca\/fr\/wp-json\/wp\/v2\/pages\/265"}],"wp:featuredmedia":[{"embeddable":true,"href":"https:\/\/stillcoviding.ca\/fr\/wp-json\/wp\/v2\/media\/3117"}],"wp:attachment":[{"href":"https:\/\/stillcoviding.ca\/fr\/wp-json\/wp\/v2\/media?parent=2007"}],"curies":[{"name":"wp","href":"https:\/\/api.w.org\/{rel}","templated":true}]}}