{"id":2011,"date":"2023-10-12T19:00:00","date_gmt":"2023-10-12T23:00:00","guid":{"rendered":"https:\/\/stillcoviding.ca\/fr\/?page_id=2011"},"modified":"2025-02-14T06:39:12","modified_gmt":"2025-02-14T11:39:12","slug":"donnees-sur-la-covid-19","status":"publish","type":"page","link":"https:\/\/stillcoviding.ca\/fr\/ressources\/donnees-sur-la-covid-19\/","title":{"rendered":"Donn\u00e9es sur la COVID-19"},"content":{"rendered":"<nav class=\"page-content-nav\" aria-labelledby=\"content-header\" id=\"toc\">\n<header id=\"content-header\">Contenu de la page<\/header>\n<div>\n<ul id=\"markdown-toc\">\n<li><a href=\"#donnees-sur-la-covid-19-canada\">Canada<\/a><\/li>\n<ul>\n<li><a href=\"#donnees-sur-la-covid-alberta\">Alberta<\/a><\/li>\n<li><a href=\"#donnees-sur-la-covid-colombie-britannique\">Colombie-Britannique<\/a><\/li>\n<li><a href=\"#donnees-sur-la-covid-19-nouvelle-ecosse\">Nouvelle-\u00c9cosse<\/a><\/li>\n<li><a href=\"#donnees-sur-la-covid-19-ontario\">Ontario<\/a><\/li>\n<ul>\n<li><a href=\"#donnees-sur-la-covid-19-guelph-ontario\">Guelph (Ontario)<\/a><\/li>\n<li><a href=\"#donnees-sur-la-covid-19-hamilton-ontario\">Hamilton (Ontario)<\/a><\/li>\n<li><a href=\"#donnees-sur-la-covid-19-london-ontario\">London (Ontario)<\/a><\/li>\n<li><a href=\"#donnees-sur-la-covid-19-ottawa\">Ottawa<\/a><\/li>\n<li><a href=\"#donnees-sur-la-covid-19-region-de-peel\">R\u00e9gion de Peel (Ontario)<\/a><\/li>\n<li><a href=\"#donnees-sur-la-covid-19-peterborough\">Peterborough (Ontario)<\/a><\/li>\n<li><a href=\"#donnees-sur-la-covid-19-sudbury\">Sudbury (Ontario)<\/a><\/li>\n<li><a href=\"#donnees-sur-la-covid-19-thunder-bay\">Thunder Bay (Ontario)<\/a><\/li>\n<li><a href=\"#donnees-sur-la-covid-19-toronto\">Toronto<\/a><\/li>\n<li><a href=\"#donnees-sur-la-covid-19-region-de-waterloo-ontario\">R\u00e9gion de Waterloo (Ontario)<\/a><\/li>\n<li><a href=\"#donnees-sur-la-covid-19-region-de-york-ontario\">R\u00e9gion de York (Ontario)<\/a><\/li>\n<\/ul>\n<li><a href=\"#donnees-sur-la-covid-19-territoires-du-nord-ouest\">Territoires du Nord-Ouest<\/a><\/li>\n<\/ul>\n<li><a href=\"#donnees-sur-la-covid-19-ue\">Union europ\u00e9enne<\/a><\/li>\n<li><a href=\"#donnees-sur-la-covid-19-etats-unis\">\u00c9tats-Unis<\/a><\/li>\n<\/ul>\n<\/div>\n<\/nav>\n<h2 id=\"donnees-sur-la-covid-19-canada\">Canada<\/h2>\n<p><span class=\"colour-dark-green fw-bold\">[Canada]<\/span>&nbsp;&nbsp;<a target=\"_blank\" href=\"https:\/\/covid19resources.ca\/public-resources\/\" rel=\"noopener\">COVID-19 Resources Canada&nbsp;: Ressources communautaires<\/a><\/p>\n<p><span class=\"colour-dark-green fw-bold\">[Canada]<\/span>&nbsp;&nbsp;<a target=\"_blank\" href=\"https:\/\/sante-infobase.canada.ca\/covid-19\/eaux-usees\/\" rel=\"noopener\">Gouvernement du Canada&nbsp;: Tableau de bord sur la vigie de la COVID-19 dans les eaux us\u00e9es<\/a><\/p>\n<hr>\n<h2 id=\"donnees-sur-la-covid-alberta\">Alberta<\/h2>\n<p><span class=\"colour-dark-green fw-bold\">[Alberta]<\/span>&nbsp;&nbsp;<a target=\"_blank\" lang=\"en\" href=\"https:\/\/covid-tracker.chi-csm.ca\/\" rel=\"noopener\">Alberta Wastewater<\/a><\/p>\n<p><span class=\"colour-dark-green fw-bold\">[Alberta]<\/span>&nbsp;&nbsp;<a target=\"_blank\" lang=\"en\" href=\"https:\/\/www.alberta.ca\/stats\/dashboard\/respiratory-virus-dashboard.htm\" rel=\"noopener\">Respiratory virus dashboard<\/a><\/p>\n<hr>\n<h2 id=\"donnees-sur-la-covid-colombie-britannique\">Colombie-Britannique<\/h2>\n<p><span class=\"colour-dark-green fw-bold\">[Colombie-Britannique]<\/span>&nbsp;&nbsp;<a target=\"_blank\" lang=\"en\" href=\"http:\/\/www.bccdc.ca\/our-services\/programs\/wastewater-surveillance\" rel=\"noopener\">BC Centre for Disease Control&nbsp;: Wastewater Surveillance [en anglais]<\/a><\/p>\n<hr>\n<h2 id=\"donnees-sur-la-covid-19-nouvelle-ecosse\">Nouvelle-\u00c9cosse<\/h2>\n<p><span class=\"colour-dark-green fw-bold\">[Nouvelle-\u00c9cosse]<\/span>&nbsp;&nbsp;<a target=\"_blank\" lang=\"en\" href=\"https:\/\/novascotia.ca\/coronavirus\/alerts-notices\/fr\/\" rel=\"noopener\">Coronavirus (COVID-19)&nbsp;: alertes, nouvelles et donn\u00e9es<\/a><\/p>\n<hr>\n<h2 id=\"donnees-sur-la-covid-19-ontario\">Ontario<\/h2>\n<p><span class=\"colour-dark-green fw-bold\">[Ontario]<\/span>&nbsp;&nbsp;<a target=\"_blank\" href=\"https:\/\/www.publichealthontario.ca\/fr\/data-and-analysis\/infectious-disease\/covid-19-data-surveillance\" rel=\"noopener\">Sant\u00e9 publique Ontario&nbsp;: Donn\u00e9es sur la COVID-19 et surveillance<\/a><\/p>\n<p><span class=\"colour-dark-green fw-bold\">[Ontario]<\/span>&nbsp;&nbsp;<a target=\"_blank\" href=\"https:\/\/www.publichealthontario.ca\/fr\/Data-and-Analysis\/Infectious-Disease\/COVID-19-Data-Surveillance\/Wastewater\" rel=\"noopener\">Sant\u00e9 publique Ontario&nbsp;: Surveillance de la COVID-19 dans les eaux us\u00e9es en Ontario<\/a><\/p>\n<hr>\n<h2 id=\"donnees-sur-la-covid-19-guelph-ontario\">Guelph (Ontario)<\/h2>\n<p><span class=\"colour-dark-green fw-bold\">[Guelph (Ontario)]<\/span>&nbsp;&nbsp;<a target=\"_blank\" lang=\"en\" href=\"https:\/\/bi.wdgpublichealth.ca\/respiratory-dashboard\/\" rel=\"noopener\">Wellington-Dufferin-Guelph Public Health&nbsp;: Respiratory Illness Activity Dashboard<\/a><\/p>\n<hr>\n<h2 id=\"donnees-sur-la-covid-19-hamilton-ontario\">Hamilton (Ontario)<\/h2>\n<p><span class=\"colour-dark-green fw-bold\">[Hamilton (Ontario)]<\/span>&nbsp;&nbsp;<a target=\"_blank\" lang=\"en\" href=\"https:\/\/open.hamilton.ca\/datasets\/20a00d53fddb457f890c4e89b57af4a4_10\/explore\" rel=\"noopener\">Open Hamilton&nbsp;: COVID-19 Case Counts by Census Tract<\/a><\/p>\n<p><span class=\"colour-dark-green fw-bold\">[Hamilton (Ontario)]<\/span>&nbsp;&nbsp;<a target=\"_blank\" lang=\"en\" href=\"https:\/\/open.hamilton.ca\/datasets\/9a4c38647e8f4a79a61084bfa6420de7_4\/explore\" rel=\"noopener\">Open Hamilton&nbsp;: Respiratory and Enteric Outbreaks<\/a><\/p>\n<hr>\n<h2 id=\"donnees-sur-la-covid-19-london-ontario\">London (Ontario)<\/h2>\n<p><span class=\"colour-dark-green fw-bold\">[London, Ontario]<\/span>&nbsp;&nbsp;<a target=\"_blank\" lang=\"en\" href=\"http:\/\/www.519covid.ca\/\" rel=\"noopener\">Donn\u00e9es sur la COVID-19 \u00e0 London (Ontario) [en anglais]<\/a><\/p>\n<hr>\n<h2 id=\"donnees-sur-la-covid-19-ottawa\">Ottawa<\/h2>\n<p><span class=\"colour-dark-green fw-bold\">[Ottawa]<\/span>&nbsp;&nbsp;<a target=\"_blank\" lang=\"en\" href=\"https:\/\/613covid.ca\/fr\/wastewater\/#\" rel=\"noopener\">Ottawa COVID-19 wastewater surveillance [en anglais]<\/a><\/p>\n<p><span class=\"colour-dark-green fw-bold\">[Ottawa]<\/span>&nbsp;&nbsp;<a target=\"_blank\" href=\"https:\/\/www.santepubliqueottawa.ca\/fr\/reports-research-and-statistics\/covid19-dashboard.aspx\" rel=\"noopener\">Sant\u00e9 publique Ottawa&nbsp;: Tableau de bord de la COVID-19<\/a><\/p>\n<p><span class=\"colour-dark-green fw-bold\">[Ottawa]<\/span>&nbsp;&nbsp;<a target=\"_blank\" href=\"https:\/\/www.santepubliqueottawa.ca\/fr\/professionals-and-partners\/outbreak-reports-in-ottawa-healthcare-institutions.aspx\" rel=\"noopener\">Sant\u00e9 publique Ottawa&nbsp;: Rapport sur les \u00e9closions dans les \u00e9tablissements de soins de sant\u00e9 d&rsquo;Ottawa<\/a><\/p>\n<hr>\n<h2 id=\"donnees-sur-la-covid-19-region-de-peel\">R\u00e9gion de Peel (Ontario)<\/h2>\n<p><span class=\"colour-dark-green fw-bold\">[R\u00e9gion de Peel]<\/span>&nbsp;&nbsp;<a target=\"_blank\" lang=\"en\" href=\"https:\/\/www.peelregion.ca\/health-professionals\/outbreaks\/\" rel=\"noopener\">Peel Region: Health care institution outbreaks<\/a><\/p>\n<hr>\n<h2 id=\"donnees-sur-la-covid-19-peterborough\">Peterborough (Ontario)<\/h2>\n<p><span class=\"colour-dark-green fw-bold\">[Peterborough]<\/span>&nbsp;&nbsp;<a target=\"_blank\" href=\"https:\/\/www.peterboroughpublichealth.ca\/\" rel=\"noopener\">Peterborough Public Health<\/a><\/p>\n<hr>\n<h2 id=\"donnees-sur-la-covid-19-sudbury\">Sudbury (Ontario)<\/h2>\n<p><span class=\"colour-dark-green fw-bold\">[Sudbury]<\/span>&nbsp;&nbsp;<a target=\"_blank\" href=\"https:\/\/www.phsd.ca\/fr\/sujets-et-des-programmes-de-sante\/fr-diseases-infections\/coronavirus\/letat-actuel-covid-19\/\" rel=\"noopener\">Sant\u00e9 publique Sudbury et districts&nbsp;: L\u2019\u00e9tat actuel (COVID-19)<\/a><\/p>\n<hr>\n<h2 id=\"donnees-sur-la-covid-19-thunder-bay\">Thunder Bay (Ontario)<\/h2>\n<p><span class=\"colour-dark-green fw-bold\">[Thunder Bay]<\/span>&nbsp;&nbsp;<a target=\"_blank\" href=\"https:\/\/www.tbdhu.com\/datadashboard\" rel=\"noopener\">Bureau de sant\u00e9 du district de Thunder Bay&nbsp;: COVID-19, grippe et maladies respiratoires virales actuelles dans le <abbr title=\"Bureau de sant\u00e9 du district de Thunder Bay\">TBDHU<\/abbr><\/a><\/p>\n<hr>\n<h2 id=\"donnees-sur-la-covid-19-toronto\">Toronto<\/h2>\n<p><span class=\"colour-dark-green fw-bold\">[Toronto]<\/span>&nbsp;&nbsp;<a target=\"_blank\" lang=\"fr\" href=\"https:\/\/www-toronto-ca.translate.goog\/community-people\/health-wellness-care\/health-programs-advice\/respiratory-viruses\/covid-19\/covid-19-pandemic-data\/?_x_tr_sl=en&#038;_x_tr_tl=fr&#038;_x_tr_hl=en\" rel=\"noopener\">COVID-19&nbsp;: donn\u00e9es sur la pand\u00e9mie<\/a><\/p>\n<hr>\n<h2 id=\"donnees-sur-la-covid-19-region-de-waterloo-ontario\">R\u00e9gion de Waterloo (Ontario)<\/h2>\n<p><span class=\"colour-dark-green fw-bold\">[R\u00e9gion de Waterloo (Ontario)]<\/span>&nbsp;&nbsp;<a target=\"_blank\" lang=\"en\" href=\"https:\/\/www.regionofwaterloo.ca\/en\/regional-government\/integrated-respiratory-disease-surveillance-report.aspx\" rel=\"noopener\">Integrated Respiratory Disease Surveillance Report<\/a><\/p>\n<p><span class=\"colour-dark-green fw-bold\">[R\u00e9gion de Waterloo (Ontario)]<\/span>&nbsp;&nbsp;<a target=\"_blank\" lang=\"en\" href=\"https:\/\/www.regionofwaterloo.ca\/en\/regional-government\/wastewater-surveillance.aspx\" rel=\"noopener\">Wastewater Surveillance<\/a>&nbsp;*<\/p>\n<p><sup>*<\/sup> La derni\u00e8re mise \u00e0 jour du tableau de bord de surveillance des eaux us\u00e9es de la R\u00e9gion de Waterloo a \u00e9t\u00e9 faite le 19\u00a0juillet\u00a02024.<\/p>\n<hr>\n<h2 id=\"donnees-sur-la-covid-19-region-de-york-ontario\">R\u00e9gion de York (Ontario)<\/h2>\n<p><span class=\"colour-dark-green fw-bold\">[R\u00e9gion de York (Ontario)]<\/span>&nbsp;&nbsp;<a target=\"_blank\" lang=\"en\" href=\"https:\/\/www.york.ca\/health\/covid-19\/covid-19-york-region\" rel=\"noopener\">COVID-19 in York Region<\/a><\/p>\n<hr>\n<h2 id=\"donnees-sur-la-covid-19-territoires-du-nord-ouest\">Territoires du Nord-Ouest<\/h2>\n<p><span class=\"colour-dark-green fw-bold\">[Territoires du Nord-Ouest]<\/span>&nbsp;&nbsp;<a target=\"_blank\" lang=\"en\" href=\"https:\/\/www.hss.gov.nt.ca\/en\/services\/wastewater-monitoring\" rel=\"noopener\">Wastewater Monitoring<\/a><\/p>\n<hr>\n<h2 id=\"donnees-sur-la-covid-19-ue\">Union europ\u00e9enne<\/h2>\n<p><span class=\"colour-dark-green fw-bold\">[Union europ\u00e9enne]<\/span>&nbsp;&nbsp;<a target=\"_blank\" lang=\"en\" href=\"https:\/\/wastewater-observatory.jrc.ec.europa.eu\/#\/dashboards\" rel=\"noopener\">EU Wastewater Observatory for Public Health &mdash; Dashboards<\/a><\/p>\n<hr>\n<p><span class=\"colour-dark-green fw-bold\">[Union europ\u00e9enne]<\/span>&nbsp;&nbsp;<a target=\"_blank\" lang=\"en\" href=\"https:\/\/wastewater-observatory.jrc.ec.europa.eu\/#\/content\/the-eu-dashboard\" rel=\"noopener\">The European Wastewater Surveillance Dashboard<\/a><\/p>\n<hr>\n<h2 id=\"donnees-sur-la-covid-19-etats-unis\">\u00c9tats-Unis<\/h2>\n<p><span class=\"colour-dark-green fw-bold\">[\u00c9tats-Unis]<\/span>&nbsp;&nbsp;<a target=\"_blank\" lang=\"en\" href=\"https:\/\/data.wastewaterscan.org\/\" rel=\"noopener\">WastewaterSCAN [en anglais]<\/a> teste des \u00e9chantillons d\u2019eaux us\u00e9es municipales pour le SARS-CoV-2 et d\u2019autres virus.<\/p>\n<hr>\n<p><span class=\"colour-dark-green fw-bold\">[\u00c9tats-Unis]<\/span>&nbsp;&nbsp;<a target=\"_blank\" lang=\"en\" href=\"https:\/\/biobot.io\/data\/\" rel=\"noopener\">Biobot Analytics: The Biobot Network of Wastewater Treatment Plants<\/a> &mdash; Surveillance des eaux us\u00e9es par COVID-19 aux \u00c9tats-Unis. Surveillance des eaux us\u00e9es par r\u00e9gion ; \u00e9volution de la variante COVID-19 dans le temps ; surveillance des eaux us\u00e9es par comt\u00e9 et territoire am\u00e9ricain.<\/p>\n<hr>\n<p><span class=\"colour-dark-green fw-bold\">[\u00c9tats-Unis]<\/span>&nbsp;&nbsp;<a target=\"_blank\" lang=\"en\" href=\"http:\/\/www.pmc19.com\/data\/index.php\" rel=\"noopener\">Pandemic Mitigation Collaborative &#8211; Data Tracker<\/a><\/p>\n<hr>\n<p><span class=\"colour-dark-green fw-bold\">[New York]<\/span>&nbsp;&nbsp;<a target=\"_blank\" lang=\"en\" href=\"https:\/\/coronavirus.health.ny.gov\/covid-19-wastewater-surveillance-weekly-summary-report\" rel=\"noopener\">COVID-19 Wastewater Surveillance Weekly Summary Report<\/a><\/p>\n<hr>\n<p><i class=\"fa fa-camera\" aria-hidden=\"true\"><\/i>&nbsp;Description de l\u2019image&nbsp;: Image au microscope \u00e9lectronique de particules du virus SARS-CoV-2. Photo par&nbsp;: NIAID. L\u2019image est sous licence <a href=\"https:\/\/creativecommons.org\/licenses\/by\/2.0\/\" rel=\"license\">Creative Commons CC BY 2.0 DEED | Attribution 2.0 Licence g\u00e9n\u00e9rique<\/a>.<\/p>\n<p><a href=\"https:\/\/creativecommons.org\/licenses\/by\/2.0\/\" rel=\"license\"><img decoding=\"async\" style=\"border-width: 0;height: 31px;width: 88px\" src=\"https:\/\/stillcoviding.ca\/en\/wp-content\/uploads\/sites\/2\/2023\/09\/by.png\" alt=\"Licence Creative Commons\" \/><\/a><\/p>\n","protected":false},"excerpt":{"rendered":"<p>Contenu de la page Canada Alberta Colombie-Britannique Nouvelle-\u00c9cosse Ontario Guelph (Ontario) Hamilton (Ontario) London (Ontario) Ottawa R\u00e9gion de Peel (Ontario) Peterborough (Ontario) Sudbury (Ontario) Thunder&#8230;<\/p>\n<div class=\"more-link-wrapper\"><a class=\"more-link\" href=\"https:\/\/stillcoviding.ca\/fr\/ressources\/donnees-sur-la-covid-19\/\">Lire la suite<span class=\"screen-reader-text\">Donn\u00e9es sur la COVID-19<\/span><\/a><\/div>\n","protected":false},"author":2,"featured_media":3110,"parent":265,"menu_order":0,"comment_status":"closed","ping_status":"closed","template":"","meta":{"footnotes":""},"class_list":["post-2011","page","type-page","status-publish","has-post-thumbnail","hentry","entry"],"_links":{"self":[{"href":"https:\/\/stillcoviding.ca\/fr\/wp-json\/wp\/v2\/pages\/2011","targetHints":{"allow":["GET"]}}],"collection":[{"href":"https:\/\/stillcoviding.ca\/fr\/wp-json\/wp\/v2\/pages"}],"about":[{"href":"https:\/\/stillcoviding.ca\/fr\/wp-json\/wp\/v2\/types\/page"}],"author":[{"embeddable":true,"href":"https:\/\/stillcoviding.ca\/fr\/wp-json\/wp\/v2\/users\/2"}],"replies":[{"embeddable":true,"href":"https:\/\/stillcoviding.ca\/fr\/wp-json\/wp\/v2\/comments?post=2011"}],"version-history":[{"count":6,"href":"https:\/\/stillcoviding.ca\/fr\/wp-json\/wp\/v2\/pages\/2011\/revisions"}],"predecessor-version":[{"id":7734,"href":"https:\/\/stillcoviding.ca\/fr\/wp-json\/wp\/v2\/pages\/2011\/revisions\/7734"}],"up":[{"embeddable":true,"href":"https:\/\/stillcoviding.ca\/fr\/wp-json\/wp\/v2\/pages\/265"}],"wp:featuredmedia":[{"embeddable":true,"href":"https:\/\/stillcoviding.ca\/fr\/wp-json\/wp\/v2\/media\/3110"}],"wp:attachment":[{"href":"https:\/\/stillcoviding.ca\/fr\/wp-json\/wp\/v2\/media?parent=2011"}],"curies":[{"name":"wp","href":"https:\/\/api.w.org\/{rel}","templated":true}]}}