{"id":2017,"date":"2023-10-12T19:00:00","date_gmt":"2023-10-12T23:00:00","guid":{"rendered":"https:\/\/stillcoviding.ca\/fr\/?page_id=2017"},"modified":"2024-03-12T01:04:22","modified_gmt":"2024-03-12T05:04:22","slug":"groupes-communautaires","status":"publish","type":"page","link":"https:\/\/stillcoviding.ca\/fr\/ressources\/groupes-communautaires\/","title":{"rendered":"Groupes communautaires"},"content":{"rendered":"<nav class=\"page-content-nav\" aria-labelledby=\"content-header\" id=\"toc\">\n<header id=\"content-header\">Contenu de la page<\/header>\n<div>\n<ul id=\"markdown-toc\">\n<li><a href=\"#canada\">Canada<\/a><\/li>\n<li><a href=\"#etats-unis\">\u00c9tats-Unis<\/a><\/li>\n<li><a href=\"#royaume-uni\">Royaume-Uni<\/a><\/li>\n<li><a href=\"#international\">International<\/a><\/li>\n<\/ul>\n<\/div>\n<\/nav>\n<h2 id=\"canada\">Canada<\/h2>\n<p><span class=\"colour-dark-green fw-bold\">[Canada]<\/span>&nbsp;&nbsp;<a target=\"_blank\" lang=\"en\" href=\"https:\/\/covid19resources.ca\/\" rel=\"noopener\">COVID-19 Resources Canada<\/a><\/p>\n<p><span class=\"colour-dark-green fw-bold\">[Canada]<\/span>&nbsp;&nbsp;<a target=\"_blank\" lang=\"fr\" href=\"https:\/\/societecovid.ca\" rel=\"noopener\">Soci\u00e9t\u00e9 canadienne de la Covid<\/a><\/p>\n<p><span class=\"colour-dark-green fw-bold\">[\u00c9tats-Unis \/ Canada]<\/span>&nbsp;&nbsp;<a target=\"_blank\" lang=\"en\" href=\"https:\/\/covidsafecampus.org\/\" rel=\"noopener\">COVID Safe Campus<\/a><\/p>\n<p><span class=\"colour-dark-green fw-bold\">[Alberta]<\/span>&nbsp;&nbsp;<a target=\"_blank\" lang=\"en\" href=\"https:\/\/popab.ca\" rel=\"noopener\">Protect Our Province Alberta<\/a><\/p>\n<p><span class=\"colour-dark-green fw-bold\">[Colombie-Britannique]<\/span>&nbsp;&nbsp;<a target=\"_blank\" lang=\"en\" href=\"https:\/\/protectbc.ca\/\" rel=\"noopener\">Protect Our Province BC<\/a><\/p>\n<p><span class=\"colour-dark-green fw-bold\">[Colombie-Britannique]<\/span>&nbsp;&nbsp;<a target=\"_blank\" lang=\"en\" href=\"https:\/\/donoharmbc.ca\/\" rel=\"noopener\">DoNoHarm BC<\/a><\/p>\n<p><span class=\"colour-dark-green fw-bold\">[Colombie-Britannique]<\/span>&nbsp;&nbsp;<a target=\"_blank\" lang=\"en\" href=\"https:\/\/maskblocbc.ca\/\" rel=\"noopener\">Mask Bloc BC<\/a><\/p>\n<p><span class=\"colour-dark-green fw-bold\">[\u00ce.-P.-\u00c9.]<\/span>&nbsp;&nbsp;<a target=\"_blank\" lang=\"en\" href=\"https:\/\/protectpei.wordpress.com\" rel=\"noopener\">Protect Our Province PEI (PoP PEI)<\/a><\/p>\n<p><span class=\"colour-dark-green fw-bold\">[Nouveau-Brunswick]<\/span>&nbsp;&nbsp;<a target=\"_blank\" lang=\"en\" href=\"https:\/\/protectnb.ca\/\" rel=\"noopener\">Protect Our Province New Brunswick<\/a><\/p>\n<p><span class=\"colour-dark-green fw-bold\">[Nouvelle-\u00c9cosse]<\/span>&nbsp;&nbsp;<a target=\"_blank\" lang=\"en\" href=\"https:\/\/www.popns.org\/\" rel=\"noopener\">Protect Our Province Nova Scotia (PoPNS)<\/a><\/p>\n<p><span class=\"colour-dark-green fw-bold\">[Ontario]<\/span>&nbsp;&nbsp;<a target=\"_blank\" lang=\"en\" href=\"https:\/\/www.ontarioschoolsafety.com\/\" rel=\"noopener\">Ontario School Safety<\/a><\/p>\n<p><span class=\"colour-dark-green fw-bold\">[Qu\u00e9bec]<\/span>&nbsp;&nbsp;<a target=\"_blank\" lang=\"fr\" href=\"https:\/\/www.popqc.ca\" rel=\"noopener\">Prot\u00e9geons notre province Qu\u00e9bec (POP Qu\u00e9bec)<\/a><\/p>\n<p><span class=\"colour-dark-green fw-bold\">[Qu\u00e9bec]<\/span>&nbsp;&nbsp;<a target=\"_blank\" href=\"https:\/\/www.facebook.com\/groups\/covidlongueqc\/\" rel=\"noopener\"><span lang=\"fr\">COVID longue Qu\u00e9bec<\/span> <span lang=\"en\">Long COVID<\/span> &#8211; <span lang=\"fr\">groupe de soutien<\/span><\/a><\/p>\n<p><span class=\"colour-dark-green fw-bold\">[Saskatchewan]<\/span>&nbsp;&nbsp;<a target=\"_blank\" lang=\"en\" href=\"https:\/\/www.actagainstcovid.ca\" rel=\"noopener\">Take Action Against COVID<\/a><\/p>\n<hr>\n<h2 id=\"etats-unis\">\u00c9tats-Unis<\/h2>\n<p><span class=\"colour-dark-green fw-bold\">[\u00c9tats-Unis]<\/span>&nbsp;&nbsp;<a target=\"_blank\" lang=\"en\" href=\"https:\/\/peoplescdc.org\/\" rel=\"noopener\">People\u2019s CDC<\/a><\/p>\n<p><span class=\"colour-dark-green fw-bold\">[\u00c9tats-Unis \/ Canada]<\/span>&nbsp;&nbsp;<a target=\"_blank\" lang=\"en\" href=\"https:\/\/covidsafecampus.org\/\" rel=\"noopener\">COVID Safe Campus<\/a><\/p>\n<p><span class=\"colour-dark-green fw-bold\">[New York]<\/span>&nbsp;&nbsp;<a target=\"_blank\" lang=\"en\" href=\"https:\/\/www.mandatemasksny.org\/\" rel=\"noopener\">Mandate Masks NY<\/a><\/p>\n<p><span class=\"colour-dark-green fw-bold\">[Seattle]<\/span>&nbsp;&nbsp;<a target=\"_blank\" lang=\"en\" href=\"https:\/\/seattlestillcares.org\/\" rel=\"noopener\">Seattle Still Cares<\/a><\/p>\n<hr>\n<h2 id=\"royaume-uni\">Royaume-Uni<\/h2>\n<p><span class=\"colour-dark-green fw-bold\">[Royaume-Uni]<\/span>&nbsp;&nbsp;<a target=\"_blank\" lang=\"en\" href=\"https:\/\/covidaction.uk\" rel=\"noopener\">Covid Action UK<\/a><\/p>\n<hr>\n<h2 id=\"international\">International<\/h2>\n<p><span class=\"colour-dark-green fw-bold\">[International]<\/span>&nbsp;&nbsp;Le <a target=\"_blank\" lang=\"en\" href=\"https:\/\/covidactionmap.org\" rel=\"noopener\">COVID Action Map<\/a> est un projet de cartographie communautaire qui documente le mouvement croissant des collectifs locaux, r\u00e9gionaux, nationaux, internationaux et virtuels qui s\u2019organisent contre la propagation du SRAS-CoV-2, le virus qui cause une infection aigu\u00eb \u00e0 la COVID-19 et \u00e0 la COVID longue.<\/p>\n<p><span class=\"colour-dark-green fw-bold\">[International]<\/span>&nbsp;&nbsp;<a target=\"_blank\" lang=\"en\" href=\"https:\/\/whn.global\" rel=\"noopener\">World Health Network<\/a><\/p>\n<p><span class=\"colour-dark-green fw-bold\">[International]<\/span>&nbsp;&nbsp;<a target=\"_blank\" lang=\"en\" href=\"https:\/\/www.longcovidkids.org\/\" rel=\"noopener\">Long Covid Kids<\/a><\/p>\n<p><span class=\"colour-dark-green fw-bold\">[International]<\/span>&nbsp;&nbsp;<a target=\"_blank\" lang=\"en\" href=\"https:\/\/johnsnowproject.org\/\" rel=\"noopener\">The John Snow Project<\/a><\/p>\n","protected":false},"excerpt":{"rendered":"<p>Contenu de la page Canada \u00c9tats-Unis Royaume-Uni International Canada [Canada]&nbsp;&nbsp;COVID-19 Resources Canada [Canada]&nbsp;&nbsp;Soci\u00e9t\u00e9 canadienne de la Covid [\u00c9tats-Unis \/ Canada]&nbsp;&nbsp;COVID Safe Campus [Alberta]&nbsp;&nbsp;Protect Our Province&#8230;<\/p>\n<div class=\"more-link-wrapper\"><a class=\"more-link\" href=\"https:\/\/stillcoviding.ca\/fr\/ressources\/groupes-communautaires\/\">Lire la suite<span class=\"screen-reader-text\">Groupes communautaires<\/span><\/a><\/div>\n","protected":false},"author":2,"featured_media":0,"parent":265,"menu_order":0,"comment_status":"closed","ping_status":"closed","template":"","meta":{"footnotes":""},"class_list":["post-2017","page","type-page","status-publish","hentry","entry"],"_links":{"self":[{"href":"https:\/\/stillcoviding.ca\/fr\/wp-json\/wp\/v2\/pages\/2017","targetHints":{"allow":["GET"]}}],"collection":[{"href":"https:\/\/stillcoviding.ca\/fr\/wp-json\/wp\/v2\/pages"}],"about":[{"href":"https:\/\/stillcoviding.ca\/fr\/wp-json\/wp\/v2\/types\/page"}],"author":[{"embeddable":true,"href":"https:\/\/stillcoviding.ca\/fr\/wp-json\/wp\/v2\/users\/2"}],"replies":[{"embeddable":true,"href":"https:\/\/stillcoviding.ca\/fr\/wp-json\/wp\/v2\/comments?post=2017"}],"version-history":[{"count":7,"href":"https:\/\/stillcoviding.ca\/fr\/wp-json\/wp\/v2\/pages\/2017\/revisions"}],"predecessor-version":[{"id":4323,"href":"https:\/\/stillcoviding.ca\/fr\/wp-json\/wp\/v2\/pages\/2017\/revisions\/4323"}],"up":[{"embeddable":true,"href":"https:\/\/stillcoviding.ca\/fr\/wp-json\/wp\/v2\/pages\/265"}],"wp:attachment":[{"href":"https:\/\/stillcoviding.ca\/fr\/wp-json\/wp\/v2\/media?parent=2017"}],"curies":[{"name":"wp","href":"https:\/\/api.w.org\/{rel}","templated":true}]}}