{"id":2049,"date":"2023-10-12T19:00:00","date_gmt":"2023-10-12T23:00:00","guid":{"rendered":"https:\/\/stillcoviding.ca\/fr\/?page_id=2049"},"modified":"2023-11-23T19:11:48","modified_gmt":"2023-11-24T00:11:48","slug":"liste-des-sujets","status":"publish","type":"page","link":"https:\/\/stillcoviding.ca\/fr\/liste-des-sujets\/","title":{"rendered":"Liste des sujets populaires"},"content":{"rendered":"<p>Pour effectuer une recherche, s\u00e9lectionnez un sujet qui vous int\u00e9resse.<\/p>\n<div class=\"container list-of-most-popular-topics\">\n<div class=\"row\">\n<div class=\"col-xs-12 col-md-6\">\n<ul>\n<li><a href=\"https:\/\/stillcoviding.ca\/fr\/tag\/accidents-vasculaires-cerebraux\/\" class=\"col-xs-12\" aria-label=\"accidents vasculaires c\u00e9r\u00e9braux\">accidents vasculaires c\u00e9r\u00e9braux<\/a><\/li>\n<li><a href=\"https:\/\/stillcoviding.ca\/fr\/tag\/activisme\/\" class=\"col-xs-12\" aria-label=\"activisme\">activisme<\/a><\/li>\n<li><a href=\"https:\/\/stillcoviding.ca\/fr\/tag\/ados\/\" class=\"col-xs-12\" aria-label=\"ados\">ados<\/a><\/li>\n<li><a href=\"https:\/\/stillcoviding.ca\/fr\/tag\/affaire-judiciaire\/\" class=\"col-xs-12\" aria-label=\"affaire judiciaire\">affaire judiciaire<\/a><\/li>\n<li><a href=\"https:\/\/stillcoviding.ca\/fr\/tag\/alberta\/\" class=\"col-xs-12\" aria-label=\"Alberta\">Alberta<\/a><\/li>\n<li><a href=\"https:\/\/stillcoviding.ca\/fr\/tag\/analyse\/\" class=\"col-xs-12\" aria-label=\"analyse\">analyse<\/a><\/li>\n<li><a href=\"https:\/\/stillcoviding.ca\/fr\/tag\/anosmie\/\" class=\"col-xs-12\" aria-label=\"anosmie\">anosmie<\/a><\/li>\n<li><a href=\"https:\/\/stillcoviding.ca\/fr\/tag\/anti-vaccins\/\" class=\"col-xs-12\" aria-label=\"anti-vaccins\">anti-vaccins<\/a><\/li>\n<li><a href=\"https:\/\/stillcoviding.ca\/fr\/tag\/antisemitisme\/\" class=\"col-xs-12\" aria-label=\"antis\u00e9mitisme\">antis\u00e9mitisme<\/a><\/li>\n<li><a href=\"https:\/\/stillcoviding.ca\/fr\/tag\/aines\/\" class=\"col-xs-12\" aria-label=\"a\u00een\u00e9s\">a\u00een\u00e9s<\/a><\/li>\n<li><a href=\"https:\/\/stillcoviding.ca\/fr\/tag\/ba-2-86\/\" class=\"col-xs-12\" aria-label=\"BA.2.86\">BA.2.86<\/a><\/li>\n<li><a href=\"https:\/\/stillcoviding.ca\/fr\/tag\/boites-corsi-rosenthal\/\" class=\"col-xs-12\" aria-label=\"bo\u00eetes Corsi-Rosenthal\">bo\u00eetes Corsi-Rosenthal<\/a><\/li>\n<li><a href=\"https:\/\/stillcoviding.ca\/fr\/tag\/caillots-sanguins\/\" class=\"col-xs-12\" aria-label=\"caillots sanguins\">caillots sanguins<\/a><\/li>\n<li><a href=\"https:\/\/stillcoviding.ca\/fr\/tag\/canada\/\" class=\"col-xs-12\" aria-label=\"Canada\">Canada<\/a><\/li>\n<li><a href=\"https:\/\/stillcoviding.ca\/fr\/tag\/cas\/\" class=\"col-xs-12\" aria-label=\"cas\">cas<\/a><\/li>\n<li><a href=\"https:\/\/stillcoviding.ca\/fr\/tag\/cdc\/\" class=\"col-xs-12\" aria-label=\"CDC\">CDC<\/a><\/li>\n<li><a href=\"https:\/\/stillcoviding.ca\/fr\/tag\/colombie-britannique\/\" class=\"col-xs-12\" aria-label=\"Colombie-Britannique\">Colombie-Britannique<\/a><\/li>\n<li><a href=\"https:\/\/stillcoviding.ca\/fr\/tag\/covid-19\/\" class=\"col-xs-12\" aria-label=\"COVID-19\">COVID-19<\/a><\/li>\n<li><a href=\"https:\/\/stillcoviding.ca\/fr\/tag\/covid-longue\/\" class=\"col-xs-12\" aria-label=\"COVID longue\">COVID longue<\/a><\/li>\n<li><a href=\"https:\/\/stillcoviding.ca\/fr\/tag\/crises-cardiaques\/\" class=\"col-xs-12\" aria-label=\"crises cardiaques\">crises cardiaques<\/a><\/li>\n<li><a href=\"https:\/\/stillcoviding.ca\/fr\/tag\/diabete\/\" class=\"col-xs-12\" aria-label=\"diab\u00e8te\">diab\u00e8te<\/a><\/li>\n<li><a href=\"https:\/\/stillcoviding.ca\/fr\/tag\/do-no-harm-bc\/\" class=\"col-xs-12\" aria-label=\"DoNoHarm BC\">DoNoHarm BC<\/a><\/li>\n<li><a href=\"https:\/\/stillcoviding.ca\/fr\/tag\/droits-humains\/\" class=\"col-xs-12\" aria-label=\"droits humains\">droits humains<\/a><\/li>\n<li><a href=\"https:\/\/stillcoviding.ca\/fr\/tag\/deces\/\" class=\"col-xs-12\" aria-label=\"d\u00e9c\u00e8s\">d\u00e9c\u00e8s<\/a><\/li>\n<li><a href=\"https:\/\/stillcoviding.ca\/fr\/tag\/deficience-cognitive\/\" class=\"col-xs-12\" aria-label=\"d\u00e9ficience cognitive\">d\u00e9ficience cognitive<\/a><\/li>\n<li><a href=\"https:\/\/stillcoviding.ca\/fr\/tag\/demence\/\" class=\"col-xs-12\" aria-label=\"d\u00e9mence\">d\u00e9mence<\/a><\/li>\n<li><a href=\"https:\/\/stillcoviding.ca\/fr\/tag\/depression\/\" class=\"col-xs-12\" aria-label=\"d\u00e9pression\">d\u00e9pression<\/a><\/li>\n<li><a href=\"https:\/\/stillcoviding.ca\/fr\/tag\/desinformation\/\" class=\"col-xs-12\" aria-label=\"d\u00e9sinformation\">d\u00e9sinformation<\/a><\/li>\n<li><a href=\"https:\/\/stillcoviding.ca\/fr\/tag\/eaux-usees\/\" class=\"col-xs-12\" aria-label=\"eaux us\u00e9es\">eaux us\u00e9es<\/a><\/li>\n<li><a href=\"https:\/\/stillcoviding.ca\/fr\/tag\/eclosions\/\" class=\"col-xs-12\" aria-label=\"\u00e9closions\">\u00e9closions<\/a><\/li>\n<li><a href=\"https:\/\/stillcoviding.ca\/fr\/tag\/ecoles\/\" class=\"col-xs-12\" aria-label=\"\u00e9coles\">\u00e9coles<\/a><\/li>\n<li><a href=\"https:\/\/stillcoviding.ca\/fr\/tag\/eg-5\/\" class=\"col-xs-12\" aria-label=\"EG.5\">EG.5<\/a><\/li>\n<li><a href=\"https:\/\/stillcoviding.ca\/fr\/tag\/eg-5-1\/\" class=\"col-xs-12\" aria-label=\"EG.5.1\">EG.5.1<\/a><\/li>\n<li><a href=\"https:\/\/stillcoviding.ca\/fr\/tag\/enfants\/\" class=\"col-xs-12\" aria-label=\"enfants\">enfants<\/a><\/li>\n<li><a href=\"https:\/\/stillcoviding.ca\/fr\/tag\/eris\/\" class=\"col-xs-12\" aria-label=\"Eris\">Eris<\/a><\/li>\n<li><a href=\"https:\/\/stillcoviding.ca\/fr\/tag\/essais\/\" class=\"col-xs-12\" aria-label=\"essais\">essais<\/a><\/li>\n<li><a href=\"https:\/\/stillcoviding.ca\/fr\/tag\/etats-unis\/\" class=\"col-xs-12\" aria-label=\"\u00c9tats-Unis\">\u00c9tats-Unis<\/a><\/li>\n<li><a href=\"https:\/\/stillcoviding.ca\/fr\/tag\/etudiants\/\" class=\"col-xs-12\" aria-label=\"\u00e9tudiants\">\u00e9tudiants<\/a><\/li>\n<li><a href=\"https:\/\/stillcoviding.ca\/fr\/tag\/fatigue\/\" class=\"col-xs-12\" aria-label=\"fatigue\">fatigue<\/a><\/li>\n<li><a href=\"https:\/\/stillcoviding.ca\/fr\/tag\/filtres-hepa\/\" class=\"col-xs-12\" aria-label=\"filtres HEPA\">filtres HEPA<\/a><\/li>\n<li><a href=\"https:\/\/stillcoviding.ca\/fr\/tag\/foyers-de-soins-de-longue-duree\/\" class=\"col-xs-12\" aria-label=\"foyers de soins de longue dur\u00e9e\">foyers de soins de longue dur\u00e9e<\/a><\/li>\n<li><a href=\"https:\/\/stillcoviding.ca\/fr\/tag\/gatineau\/\" class=\"col-xs-12\" aria-label=\"Gatineau\">Gatineau<\/a><\/li>\n<li><a href=\"https:\/\/stillcoviding.ca\/fr\/tag\/grippe\/\" class=\"col-xs-12\" aria-label=\"grippe\">grippe<\/a><\/li>\n<li><a href=\"https:\/\/stillcoviding.ca\/fr\/tag\/hospitalisations\/\" class=\"col-xs-12\" aria-label=\"hospitalisations\">hospitalisations<\/a><\/li>\n<li><a href=\"https:\/\/stillcoviding.ca\/fr\/tag\/hopitaux\/\" class=\"col-xs-12\" aria-label=\"h\u00f4pitaux\">h\u00f4pitaux<\/a><\/li>\n<li><a href=\"https:\/\/stillcoviding.ca\/fr\/tag\/i-p-e\/\" class=\"col-xs-12\" aria-label=\"\u00ce.-P.-\u00c9.\">\u00ce.-P.-\u00c9.<\/a><\/li>\n<li><a href=\"https:\/\/stillcoviding.ca\/fr\/tag\/infections-nosocomiales\/\" class=\"col-xs-12\" aria-label=\"infections nosocomiales\">infections nosocomiales<\/a><\/li>\n<li><a href=\"https:\/\/stillcoviding.ca\/fr\/tag\/lesions-cerebrales\/\" class=\"col-xs-12\" aria-label=\"l\u00e9sions c\u00e9r\u00e9brales\">l\u00e9sions c\u00e9r\u00e9brales<\/a><\/li>\n<li><a href=\"https:\/\/stillcoviding.ca\/fr\/tag\/lhopital-dottawa\/\" class=\"col-xs-12\" aria-label=\"L\u2019H\u00f4pital d&#039;Ottawa\">L\u2019H\u00f4pital d&#039;Ottawa<\/a><\/li>\n<li><a href=\"https:\/\/stillcoviding.ca\/fr\/tag\/maladie-cardiaque\/\" class=\"col-xs-12\" aria-label=\"maladie cardiaque\">maladie cardiaque<\/a><\/li>\n<li><a href=\"https:\/\/stillcoviding.ca\/fr\/tag\/maladies-cardiovasculaires\/\" class=\"col-xs-12\" aria-label=\"maladies cardiovasculaires\">maladies cardiovasculaires<\/a><\/li>\n<li><a href=\"https:\/\/stillcoviding.ca\/fr\/tag\/maladies-neurodegeneratives\/\" class=\"col-xs-12\" aria-label=\"maladies neurod\u00e9g\u00e9n\u00e9ratives\">maladies neurod\u00e9g\u00e9n\u00e9ratives<\/a><\/li>\n<li><a href=\"https:\/\/stillcoviding.ca\/fr\/tag\/manitoba\/\" class=\"col-xs-12\" aria-label=\"Manitoba\">Manitoba<\/a><\/li>\n<li><a href=\"https:\/\/stillcoviding.ca\/fr\/tag\/masques\/\" class=\"col-xs-12\" aria-label=\"masques\">masques<\/a><\/li>\n<\/ul>\n<\/div>\n<div class=\"col-xs-12 col-md-6\">\n<ul>\n<li><a href=\"https:\/\/stillcoviding.ca\/fr\/tag\/mesures-de-sante-publique\/\" class=\"col-xs-12\" aria-label=\"mesures de sant\u00e9 publique\">mesures de sant\u00e9 publique<\/a><\/li>\n<li><a href=\"https:\/\/stillcoviding.ca\/fr\/tag\/mesures-sanitaires\/\" class=\"col-xs-12\" aria-label=\"mesures sanitaires\">mesures sanitaires<\/a><\/li>\n<li><a href=\"https:\/\/stillcoviding.ca\/fr\/tag\/moderna\/\" class=\"col-xs-12\" aria-label=\"Moderna\">Moderna<\/a><\/li>\n<li><a href=\"https:\/\/stillcoviding.ca\/fr\/tag\/montreal\/\" class=\"col-xs-12\" aria-label=\"Montr\u00e9al\">Montr\u00e9al<\/a><\/li>\n<li><a href=\"https:\/\/stillcoviding.ca\/fr\/tag\/mouvement-anti-vaccin\/\" class=\"col-xs-12\" aria-label=\"mouvement anti-vaccin\">mouvement anti-vaccin<\/a><\/li>\n<li><a href=\"https:\/\/stillcoviding.ca\/fr\/tag\/nouveau-brunswick\/\" class=\"col-xs-12\" aria-label=\"Nouveau-Brunswick\">Nouveau-Brunswick<\/a><\/li>\n<li><a href=\"https:\/\/stillcoviding.ca\/fr\/tag\/nouvelle-ecosse\/\" class=\"col-xs-12\" aria-label=\"Nouvelle-\u00c9cosse\">Nouvelle-\u00c9cosse<\/a><\/li>\n<li><a href=\"https:\/\/stillcoviding.ca\/fr\/tag\/novavax\/\" class=\"col-xs-12\" aria-label=\"Novavax\">Novavax<\/a><\/li>\n<li><a href=\"https:\/\/stillcoviding.ca\/fr\/tag\/nunavut\/\" class=\"col-xs-12\" aria-label=\"Nunavut\">Nunavut<\/a><\/li>\n<li><a href=\"https:\/\/stillcoviding.ca\/fr\/tag\/omicron\/\" class=\"col-xs-12\" aria-label=\"Omicron\">Omicron<\/a><\/li>\n<li><a href=\"https:\/\/stillcoviding.ca\/fr\/tag\/oms\/\" class=\"col-xs-12\" aria-label=\"OMS\">OMS<\/a><\/li>\n<li><a href=\"https:\/\/stillcoviding.ca\/fr\/tag\/ontario\/\" class=\"col-xs-12\" aria-label=\"Ontario\">Ontario<\/a><\/li>\n<li><a href=\"https:\/\/stillcoviding.ca\/fr\/tag\/opinions\/\" class=\"col-xs-12\" aria-label=\"opinions\">opinions<\/a><\/li>\n<li><a href=\"https:\/\/stillcoviding.ca\/fr\/tag\/ottawa\/\" class=\"col-xs-12\" aria-label=\"Ottawa\">Ottawa<\/a><\/li>\n<li><a href=\"https:\/\/stillcoviding.ca\/fr\/tag\/ottawa-gatineau\/\" class=\"col-xs-12\" aria-label=\"Ottawa-Gatineau\">Ottawa-Gatineau<\/a><\/li>\n<li><a href=\"https:\/\/stillcoviding.ca\/fr\/tag\/perte-dodorat\/\" class=\"col-xs-12\" aria-label=\"perte d\u2019odorat\">perte d\u2019odorat<\/a><\/li>\n<li><a href=\"https:\/\/stillcoviding.ca\/fr\/tag\/pfizer\/\" class=\"col-xs-12\" aria-label=\"Pfizer\">Pfizer<\/a><\/li>\n<li><a href=\"https:\/\/stillcoviding.ca\/fr\/tag\/pirola\/\" class=\"col-xs-12\" aria-label=\"Pirola\">Pirola<\/a><\/li>\n<li><a href=\"https:\/\/stillcoviding.ca\/fr\/tag\/port-du-masque-universel\/\" class=\"col-xs-12\" aria-label=\"port du masque universel\">port du masque universel<\/a><\/li>\n<li><a href=\"https:\/\/stillcoviding.ca\/fr\/tag\/problemes-cognitifs\/\" class=\"col-xs-12\" aria-label=\"probl\u00e8mes cognitifs\">probl\u00e8mes cognitifs<\/a><\/li>\n<li><a href=\"https:\/\/stillcoviding.ca\/fr\/tag\/projections\/\" class=\"col-xs-12\" aria-label=\"projections\">projections<\/a><\/li>\n<li><a href=\"https:\/\/stillcoviding.ca\/fr\/tag\/protections-sanitaires\/\" class=\"col-xs-12\" aria-label=\"protections sanitaires\">protections sanitaires<\/a><\/li>\n<li><a href=\"https:\/\/stillcoviding.ca\/fr\/tag\/protect-our-province-bc\/\" class=\"col-xs-12\" aria-label=\"Protect Our Province BC\">Protect Our Province BC<\/a><\/li>\n<li><a href=\"https:\/\/stillcoviding.ca\/fr\/tag\/previsions\/\" class=\"col-xs-12\" aria-label=\"pr\u00e9visions\">pr\u00e9visions<\/a><\/li>\n<li><a href=\"https:\/\/stillcoviding.ca\/fr\/tag\/qualite-de-lair-a-linterieur\/\" class=\"col-xs-12\" aria-label=\"qualit\u00e9 de l\u2019air \u00e0 l\u2019int\u00e9rieur\">qualit\u00e9 de l\u2019air \u00e0 l\u2019int\u00e9rieur<\/a><\/li>\n<li><a href=\"https:\/\/stillcoviding.ca\/fr\/tag\/quebec\/\" class=\"col-xs-12\" aria-label=\"Qu\u00e9bec\">Qu\u00e9bec<\/a><\/li>\n<li><a href=\"https:\/\/stillcoviding.ca\/fr\/tag\/recherche\/\" class=\"col-xs-12\" aria-label=\"recherche\">recherche<\/a><\/li>\n<li><a href=\"https:\/\/stillcoviding.ca\/fr\/tag\/respirateurs-n95\/\" class=\"col-xs-12\" aria-label=\"respirateurs N95\">respirateurs N95<\/a><\/li>\n<li><a href=\"https:\/\/stillcoviding.ca\/fr\/tag\/royaume-uni\/\" class=\"col-xs-12\" aria-label=\"Royaume-Uni\">Royaume-Uni<\/a><\/li>\n<li><a href=\"https:\/\/stillcoviding.ca\/fr\/tag\/reinfections\/\" class=\"col-xs-12\" aria-label=\"r\u00e9infections\">r\u00e9infections<\/a><\/li>\n<li><a href=\"https:\/\/stillcoviding.ca\/fr\/tag\/reponse-a-la-pandemie\/\" class=\"col-xs-12\" aria-label=\"r\u00e9ponse \u00e0 la pand\u00e9mie\">r\u00e9ponse \u00e0 la pand\u00e9mie<\/a><\/li>\n<li><a href=\"https:\/\/stillcoviding.ca\/fr\/tag\/sante-canada\/\" class=\"col-xs-12\" aria-label=\"Sant\u00e9 Canada\">Sant\u00e9 Canada<\/a><\/li>\n<li><a href=\"https:\/\/stillcoviding.ca\/fr\/tag\/sante-publique\/\" class=\"col-xs-12\" aria-label=\"sant\u00e9 publique\">sant\u00e9 publique<\/a><\/li>\n<li><a href=\"https:\/\/stillcoviding.ca\/fr\/tag\/saskatchewan\/\" class=\"col-xs-12\" aria-label=\"Saskatchewan\">Saskatchewan<\/a><\/li>\n<li><a href=\"https:\/\/stillcoviding.ca\/fr\/tag\/sras-cov-2\/\" class=\"col-xs-12\" aria-label=\"SRAS-CoV-2\">SRAS-CoV-2<\/a><\/li>\n<li><a href=\"https:\/\/stillcoviding.ca\/fr\/tag\/statistiques\/\" class=\"col-xs-12\" aria-label=\"statistiques\">statistiques<\/a><\/li>\n<li><a href=\"https:\/\/stillcoviding.ca\/fr\/tag\/surveillance-des-eaux-usees\/\" class=\"col-xs-12\" aria-label=\"surveillance des eaux us\u00e9es\">surveillance des eaux us\u00e9es<\/a><\/li>\n<li><a href=\"https:\/\/stillcoviding.ca\/fr\/tag\/systeme-immunitaire\/\" class=\"col-xs-12\" aria-label=\"syst\u00e8me immunitaire\">syst\u00e8me immunitaire<\/a><\/li>\n<li><a href=\"https:\/\/stillcoviding.ca\/fr\/tag\/terre-neuve-et-labrador\/\" class=\"col-xs-12\" aria-label=\"Terre-Neuve-et-Labrador\">Terre-Neuve-et-Labrador<\/a><\/li>\n<li><a href=\"https:\/\/stillcoviding.ca\/fr\/tag\/territoires-du-nord-ouest\/\" class=\"col-xs-12\" aria-label=\"Territoires du Nord-Ouest\">Territoires du Nord-Ouest<\/a><\/li>\n<li><a href=\"https:\/\/stillcoviding.ca\/fr\/tag\/tests-rapides\/\" class=\"col-xs-12\" aria-label=\"tests rapides\">tests rapides<\/a><\/li>\n<li><a href=\"https:\/\/stillcoviding.ca\/fr\/tag\/traitements-medicaux\/\" class=\"col-xs-12\" aria-label=\"traitements m\u00e9dicaux\">traitements m\u00e9dicaux<\/a><\/li>\n<li><a href=\"https:\/\/stillcoviding.ca\/fr\/tag\/vaccination\/\" class=\"col-xs-12\" aria-label=\"vaccination\">vaccination<\/a><\/li>\n<li><a href=\"https:\/\/stillcoviding.ca\/fr\/tag\/vaccins\/\" class=\"col-xs-12\" aria-label=\"vaccins\">vaccins<\/a><\/li>\n<li><a href=\"https:\/\/stillcoviding.ca\/fr\/tag\/vancouver\/\" class=\"col-xs-12\" aria-label=\"Vancouver\">Vancouver<\/a><\/li>\n<li><a href=\"https:\/\/stillcoviding.ca\/fr\/tag\/variants\/\" class=\"col-xs-12\" aria-label=\"variants\">variants<\/a><\/li>\n<li><a href=\"https:\/\/stillcoviding.ca\/fr\/tag\/variants-sous-surveillance\/\" class=\"col-xs-12\" aria-label=\"variants sous surveillance\">variants sous surveillance<\/a><\/li>\n<li><a href=\"https:\/\/stillcoviding.ca\/fr\/tag\/variants-a-suivre\/\" class=\"col-xs-12\" aria-label=\"variants \u00e0 suivre\">variants \u00e0 suivre<\/a><\/li>\n<li><a href=\"https:\/\/stillcoviding.ca\/fr\/tag\/ventilation\/\" class=\"col-xs-12\" aria-label=\"ventilation\">ventilation<\/a><\/li>\n<li><a href=\"https:\/\/stillcoviding.ca\/fr\/tag\/videos\/\" class=\"col-xs-12\" aria-label=\"vid\u00e9os\">vid\u00e9os<\/a><\/li>\n<li><a href=\"https:\/\/stillcoviding.ca\/fr\/tag\/vrs\/\" class=\"col-xs-12\" aria-label=\"VRS\">VRS<\/a><\/li>\n<li><a href=\"https:\/\/stillcoviding.ca\/fr\/tag\/xbb-1-5\/\" class=\"col-xs-12\" aria-label=\"XBB.1.5\">XBB.1.5<\/a><\/li>\n<li><a href=\"https:\/\/stillcoviding.ca\/fr\/tag\/yukon\/\" class=\"col-xs-12\" aria-label=\"Yukon\">Yukon<\/a><\/li>\n<\/ul>\n<\/div>\n<\/div>\n<\/div>\n","protected":false},"excerpt":{"rendered":"<p>Pour effectuer une recherche, s\u00e9lectionnez un sujet qui vous int\u00e9resse. accidents vasculaires c\u00e9r\u00e9braux activisme ados affaire judiciaire Alberta analyse anosmie anti-vaccins antis\u00e9mitisme a\u00een\u00e9s BA.2.86 bo\u00eetes&#8230;<\/p>\n<div class=\"more-link-wrapper\"><a class=\"more-link\" href=\"https:\/\/stillcoviding.ca\/fr\/liste-des-sujets\/\">Lire la suite<span class=\"screen-reader-text\">Liste des sujets populaires<\/span><\/a><\/div>\n","protected":false},"author":2,"featured_media":0,"parent":0,"menu_order":0,"comment_status":"closed","ping_status":"closed","template":"","meta":{"footnotes":""},"class_list":["post-2049","page","type-page","status-publish","hentry","entry"],"_links":{"self":[{"href":"https:\/\/stillcoviding.ca\/fr\/wp-json\/wp\/v2\/pages\/2049","targetHints":{"allow":["GET"]}}],"collection":[{"href":"https:\/\/stillcoviding.ca\/fr\/wp-json\/wp\/v2\/pages"}],"about":[{"href":"https:\/\/stillcoviding.ca\/fr\/wp-json\/wp\/v2\/types\/page"}],"author":[{"embeddable":true,"href":"https:\/\/stillcoviding.ca\/fr\/wp-json\/wp\/v2\/users\/2"}],"replies":[{"embeddable":true,"href":"https:\/\/stillcoviding.ca\/fr\/wp-json\/wp\/v2\/comments?post=2049"}],"version-history":[{"count":6,"href":"https:\/\/stillcoviding.ca\/fr\/wp-json\/wp\/v2\/pages\/2049\/revisions"}],"predecessor-version":[{"id":3038,"href":"https:\/\/stillcoviding.ca\/fr\/wp-json\/wp\/v2\/pages\/2049\/revisions\/3038"}],"wp:attachment":[{"href":"https:\/\/stillcoviding.ca\/fr\/wp-json\/wp\/v2\/media?parent=2049"}],"curies":[{"name":"wp","href":"https:\/\/api.w.org\/{rel}","templated":true}]}}