{"id":2211,"date":"2023-10-24T07:00:00","date_gmt":"2023-10-24T11:00:00","guid":{"rendered":"https:\/\/stillcoviding.ca\/fr\/?page_id=2211"},"modified":"2023-12-26T02:18:46","modified_gmt":"2023-12-26T07:18:46","slug":"enfants","status":"publish","type":"page","link":"https:\/\/stillcoviding.ca\/fr\/ressources\/enfants\/","title":{"rendered":"Enfants"},"content":{"rendered":"<h2>Ressources<\/h2>\n<p><a target=\"_blank\" lang=\"en\" href=\"https:\/\/www.urmc.rochester.edu\/strong-center-developmental-disabilities\/resources\/masks-toolkit.aspx\" rel=\"noopener\">University of Rochester Medical Center&nbsp;: A Toolkit For Helping Your Child Wear A Mask During COVID-19<\/a><\/p>\n<p><a target=\"_blank\" lang=\"en\" href=\"https:\/\/libguides.mskcc.org\/CovidImpacts\/LongCOVIDKids\" rel=\"noopener\">Memorial Sloan Kettering Library&nbsp;: COVID Impacts&nbsp;: Long COVID Kids<\/a> &mdash; des renseignements d\u00e9taill\u00e9s sur la COVID-19 p\u00e9diatrique, y compris une liste d\u2019\u00e9tudes r\u00e9centes. Il existe \u00e9galement une liste de cliniques pour les enfants atteints de la COVID-19 dans l\u2019est des \u00c9tats-Unis (New York, New Jersey, Connecticut, Maryland et Washington, DC).<\/p>\n<hr>\n<h2>Organisations<\/h2>\n<p><span class=\"colour-dark-green fw-bold\"><b>[International]<\/b><\/span>&nbsp;&nbsp;<a target=\"_blank\" lang=\"en\" href=\"https:\/\/www.longcovidkids.org\/\" rel=\"noopener\">Long Covid Kids<\/a><\/p>\n<p><span class=\"colour-dark-green fw-bold\"><b>[International]<\/b><\/span>&nbsp;&nbsp;<a target=\"_blank\" lang=\"en\" href=\"https:\/\/iris.who.int\/handle\/10665\/373025\" rel=\"noopener\">World Health Organization: Rehabilitation: self-management of long COVID for adolescents<\/a><\/p>\n","protected":false},"excerpt":{"rendered":"<p>Ressources University of Rochester Medical Center&nbsp;: A Toolkit For Helping Your Child Wear A Mask During COVID-19 Memorial Sloan Kettering Library&nbsp;: COVID Impacts&nbsp;: Long COVID&#8230;<\/p>\n<div class=\"more-link-wrapper\"><a class=\"more-link\" href=\"https:\/\/stillcoviding.ca\/fr\/ressources\/enfants\/\">Lire la suite<span class=\"screen-reader-text\">Enfants<\/span><\/a><\/div>\n","protected":false},"author":2,"featured_media":0,"parent":265,"menu_order":0,"comment_status":"closed","ping_status":"closed","template":"","meta":{"footnotes":""},"class_list":["post-2211","page","type-page","status-publish","hentry","entry"],"_links":{"self":[{"href":"https:\/\/stillcoviding.ca\/fr\/wp-json\/wp\/v2\/pages\/2211","targetHints":{"allow":["GET"]}}],"collection":[{"href":"https:\/\/stillcoviding.ca\/fr\/wp-json\/wp\/v2\/pages"}],"about":[{"href":"https:\/\/stillcoviding.ca\/fr\/wp-json\/wp\/v2\/types\/page"}],"author":[{"embeddable":true,"href":"https:\/\/stillcoviding.ca\/fr\/wp-json\/wp\/v2\/users\/2"}],"replies":[{"embeddable":true,"href":"https:\/\/stillcoviding.ca\/fr\/wp-json\/wp\/v2\/comments?post=2211"}],"version-history":[{"count":6,"href":"https:\/\/stillcoviding.ca\/fr\/wp-json\/wp\/v2\/pages\/2211\/revisions"}],"predecessor-version":[{"id":3602,"href":"https:\/\/stillcoviding.ca\/fr\/wp-json\/wp\/v2\/pages\/2211\/revisions\/3602"}],"up":[{"embeddable":true,"href":"https:\/\/stillcoviding.ca\/fr\/wp-json\/wp\/v2\/pages\/265"}],"wp:attachment":[{"href":"https:\/\/stillcoviding.ca\/fr\/wp-json\/wp\/v2\/media?parent=2211"}],"curies":[{"name":"wp","href":"https:\/\/api.w.org\/{rel}","templated":true}]}}