{"id":2239,"date":"2023-10-28T19:00:00","date_gmt":"2023-10-28T23:00:00","guid":{"rendered":"https:\/\/stillcoviding.ca\/fr\/?page_id=2239"},"modified":"2024-08-13T13:40:19","modified_gmt":"2024-08-13T17:40:19","slug":"soutien-par-les-pairs","status":"publish","type":"page","link":"https:\/\/stillcoviding.ca\/fr\/ressources\/soutien-par-les-pairs\/","title":{"rendered":"Soutien par les pairs"},"content":{"rendered":"<p><a target=\"_blank\" href=\"https:\/\/covid19resources.ca\/discussions-sur-covid\/?lang=fr\" rel=\"noopener\">COVID-19 Resources Canada&nbsp;: Discussions sur la COVID&#8209;19 \u2013 s\u00e9ances de Zoom sans rendez-vous<\/a> &mdash; La Dre Tara Moriarty et ses coll\u00e8gues organisent actuellement des s\u00e9ances d\u2019accueil deux fois par semaine. Elles ont lieu les mardis et jeudis soirs de 20&nbsp;h \u00e0 22&nbsp;h (HE). En g\u00e9n\u00e9ral, les sessions du mardi soir se concentrent sur une discussion sur les donn\u00e9es de COVID&#8209;19. Les s\u00e9ances du jeudi soir visent \u00e0 r\u00e9pondre aux questions du public sur la COVID&#8209;19, les vaccins, les doses de rappel et d\u2019autres sujets.<\/p>\n<p><a target=\"_blank\" lang=\"en\" href=\"https:\/\/covidmeetups.com\/\" rel=\"noopener\">Covid Meetups<\/a> \u2014 un service gratuit pour trouver des personnes, des familles et des entreprises\/services locaux qui prennent des pr\u00e9cautions contre la COVID dans votre r\u00e9gion.<\/p>\n<p><a target=\"_blank\" lang=\"en\" href=\"https:\/\/www.covidconscioustherapists.com\/\" rel=\"noopener\">COVID-Conscious Therapist Directory<\/a> est un site Web contenant un r\u00e9pertoire des fournisseurs de services de sant\u00e9 mentale au Canada, aux \u00c9tats-Unis et dans d\u2019autres pays.<\/p>\n<p><a target=\"_blank\" lang=\"en\" href=\"https:\/\/affordabletherapynetwork.com\/\" rel=\"noopener\">Affordable Therapy Network<\/a> &mdash; un r\u00e9pertoire de th\u00e9rapeutes offrant des services de counseling \u00e0 faible co\u00fbt et \u00e0 \u00e9chelle variable partout au Canada; le r\u00e9pertoire comprend des th\u00e9rapeutes en ligne.<\/p>\n<p><a target=\"_blank\" href=\"https:\/\/www.facebook.com\/groups\/covidlongueqc\/\" rel=\"noopener\"><span lang=\"fr\">COVID longue Qu\u00e9bec<\/span> <span lang=\"en\">Long COVID<\/span> &#8211; <span lang=\"fr\">groupe de soutien<\/span><\/a> &mdash; l\u2019objectif de ce groupe est d\u2019offrir du soutien entre personnes atteintes de la Covid longue.<\/p>\n","protected":false},"excerpt":{"rendered":"<p>COVID-19 Resources Canada&nbsp;: Discussions sur la COVID&#8209;19 \u2013 s\u00e9ances de Zoom sans rendez-vous &mdash; La Dre Tara Moriarty et ses coll\u00e8gues organisent actuellement des s\u00e9ances&#8230;<\/p>\n<div class=\"more-link-wrapper\"><a class=\"more-link\" href=\"https:\/\/stillcoviding.ca\/fr\/ressources\/soutien-par-les-pairs\/\">Lire la suite<span class=\"screen-reader-text\">Soutien par les pairs<\/span><\/a><\/div>\n","protected":false},"author":2,"featured_media":0,"parent":265,"menu_order":0,"comment_status":"closed","ping_status":"closed","template":"","meta":{"footnotes":""},"class_list":["post-2239","page","type-page","status-publish","hentry","entry"],"_links":{"self":[{"href":"https:\/\/stillcoviding.ca\/fr\/wp-json\/wp\/v2\/pages\/2239","targetHints":{"allow":["GET"]}}],"collection":[{"href":"https:\/\/stillcoviding.ca\/fr\/wp-json\/wp\/v2\/pages"}],"about":[{"href":"https:\/\/stillcoviding.ca\/fr\/wp-json\/wp\/v2\/types\/page"}],"author":[{"embeddable":true,"href":"https:\/\/stillcoviding.ca\/fr\/wp-json\/wp\/v2\/users\/2"}],"replies":[{"embeddable":true,"href":"https:\/\/stillcoviding.ca\/fr\/wp-json\/wp\/v2\/comments?post=2239"}],"version-history":[{"count":7,"href":"https:\/\/stillcoviding.ca\/fr\/wp-json\/wp\/v2\/pages\/2239\/revisions"}],"predecessor-version":[{"id":6164,"href":"https:\/\/stillcoviding.ca\/fr\/wp-json\/wp\/v2\/pages\/2239\/revisions\/6164"}],"up":[{"embeddable":true,"href":"https:\/\/stillcoviding.ca\/fr\/wp-json\/wp\/v2\/pages\/265"}],"wp:attachment":[{"href":"https:\/\/stillcoviding.ca\/fr\/wp-json\/wp\/v2\/media?parent=2239"}],"curies":[{"name":"wp","href":"https:\/\/api.w.org\/{rel}","templated":true}]}}