{"id":2289,"date":"2023-10-30T07:00:00","date_gmt":"2023-10-30T11:00:00","guid":{"rendered":"https:\/\/stillcoviding.ca\/fr\/?page_id=2289"},"modified":"2023-11-12T13:29:37","modified_gmt":"2023-11-12T18:29:37","slug":"vaccins-contre-la-covid-19","status":"publish","type":"page","link":"https:\/\/stillcoviding.ca\/fr\/ressources\/vaccins-contre-la-covid-19\/","title":{"rendered":"Vaccins contre la COVID-19"},"content":{"rendered":"<nav class=\"page-content-nav\" aria-labelledby=\"content-header\" id=\"toc\">\n<header id=\"content-header\">Contenu de la page<\/header>\n<div>\n<ul id=\"markdown-toc\">\n<li><a href=\"#colombie-britannique\">Colombie-Britannique<\/a><\/li>\n<li><a href=\"#manitoba\">Manitoba<\/a><\/li>\n<li><a href=\"#nouveau-brunswick\">Nouveau-Brunswick<\/a><\/li>\n<li><a href=\"#nouvelle-ecosse\">Nouvelle-\u00c9cosse<\/a><\/li>\n<li><a href=\"#nunavut\">Nunavut<\/a><\/li>\n<li><a href=\"#ontario\">Ontario<\/a><\/li>\n<li><a href=\"#quebec\">Qu\u00e9bec<\/a><\/li>\n<li><a href=\"#territoires-du-nord-ouest\">Territoires du Nord-Ouest<\/a><\/li>\n<li><a href=\"#yukon\">Yukon<\/a><\/li>\n<\/ul>\n<\/div>\n<\/nav>\n<h2 id=\"colombie-britannique\">Colombie-Britannique<\/h2>\n<p><span class=\"colour-dark-green fw-bold\">[Colombie-Britannique]<\/span>&nbsp;&nbsp;<a href=\"https:\/\/www2.gov.bc.ca\/gov\/content\/covid-19\/translation\/fr\/register\">Gouvernement de la Colombie-Britannique&nbsp;: Vaccination contre la COVID-19<\/a><\/p>\n<p><span class=\"colour-dark-green fw-bold\">[Colombie-Britannique]<\/span>&nbsp;&nbsp;<a target=\"_blank\" lang=\"en\" href=\"https:\/\/www.healthlinkbc.ca\/more\/health-features\/coronavirus-disease-covid-19\/covid-19-immunization\" rel=\"noopener\">HealthLinkBC: COVID-19 Immunization<\/a><\/p>\n<p><span class=\"colour-dark-green fw-bold\">[Colombie-Britannique]<\/span>&nbsp;&nbsp;<a target=\"_blank\" lang=\"en\" href=\"http:\/\/www.bccdc.ca\/health-info\/diseases-conditions\/covid-19\/covid-19-vaccine\/getting-a-vaccine\" rel=\"noopener\">BC Centre for Disease Control&nbsp;: Getting a Vaccine<\/a><\/p>\n<hr>\n<h2 id=\"manitoba\">Manitoba<\/h2>\n<p><span class=\"colour-dark-green fw-bold\">[Manitoba]<\/span>&nbsp;&nbsp;<a target=\"_blank\" lang=\"fr\" href=\"https:\/\/www.gov.mb.ca\/covid19\/vaccine.fr.html\" rel=\"noopener\">Manitoba&nbsp;: Admissibilit\u00e9 au vaccin contre la COVID-19 et calendrier des vaccinations \u00e0 ARNm, Preuve de vaccination et Outil trouver une clinique de vaccination<\/a><\/p>\n<hr>\n<h2 id=\"nouveau-brunswick\">Nouveau-Brunswick<\/h2>\n<p><span class=\"colour-dark-green fw-bold\">[Nouveau-Brunswick]<\/span>&nbsp;&nbsp;<a target=\"_blank\" lang=\"fr\" href=\"https:\/\/www2.gnb.ca\/content\/gnb\/fr\/corporate\/promo\/covid-19\/vaccin-nb.html\" rel=\"noopener\">Gouvernement de Nouveau-Brunswick&nbsp;: Vaccination contre la COVID-19<\/a><\/p>\n<hr>\n<h2 id=\"nouvelle-ecosse\">Nouvelle-\u00c9cosse<\/h2>\n<p><span class=\"colour-dark-green fw-bold\">[Nouvelle-\u00c9cosse]<\/span>&nbsp;&nbsp;<a target=\"_blank\" lang=\"en\" href=\"https:\/\/www.nshealth.ca\/coronavirusvaccine\" rel=\"noopener\">Nova Scotia Health&nbsp;: COVID-19 Vaccines<\/a><\/p>\n<hr>\n<h2 id=\"nunavut\">Nunavut<\/h2>\n<p><span class=\"colour-dark-green fw-bold\">[Nunavut]<\/span>&nbsp;&nbsp;<a target=\"_blank\" lang=\"fr\" href=\"https:\/\/gov.nu.ca\/fr\/health\/news\/vaccin-contre-la-grippe-et-la-covid-19-dates-des-seances-de-vaccination-iqaluit\" rel=\"noopener\">Sant\u00e9&nbsp;: Vaccin contre la grippe et la COVID-19&nbsp;: Dates des s\u00e9ances de vaccination \u00e0 Iqaluit<\/a><\/p>\n<hr>\n<h2 id=\"ontario\">Ontario<\/h2>\n<p><span class=\"colour-dark-green fw-bold\">[Ontario]<\/span>&nbsp;&nbsp;<a target=\"_blank\" lang=\"fr\" href=\"https:\/\/www.ontario.ca\/rendezvous-vaccin\/\" rel=\"noopener\">Ontario&nbsp;: Comment prendre un rendez-vous pour les vaccins contre la COVID-19<\/a><\/p>\n<p><span class=\"colour-dark-green fw-bold\">[Ontario]<\/span>&nbsp;&nbsp;<a lang=\"fr\" target=\"_blank\" href=\"https:\/\/www.ontario.ca\/emplacements-pour-la-vaccination\/\" rel=\"noopener\">Ontario&nbsp;: Lieux de vaccination contre la COVID-19<\/a> &mdash; Trouvez la pharmacie la plus proche pour se faire vacciner contre la COVID-19.<\/p>\n<p><span class=\"colour-dark-green fw-bold\">[R\u00e9gion de Halton (Ontario)]<\/span>&nbsp;&nbsp;<a lang=\"en\" target=\"_blank\" href=\"https:\/\/www.halton.ca\/For-Residents\/Immunizations-Preventable-Disease\/Immunization\/COVID-19-Vaccines\" rel=\"noopener\">Halton Region&nbsp;: COVID-19 Vaccines<\/a><\/p>\n<p><span class=\"colour-dark-green fw-bold\">[Kingston (Ontario)]<\/span>&nbsp;&nbsp;<a lang=\"fr\" target=\"_blank\" href=\"https:\/\/www.kflaph.ca\/en\/health-topics\/covid-19-vaccine.aspx\" rel=\"noopener\">Le Bureau de sant\u00e9 de KFL et A&nbsp;: Vaccins contre la COVID-19 et la grippe<\/a><\/p>\n<p><span class=\"colour-dark-green fw-bold\">[Ottawa]<\/span>&nbsp;&nbsp;<a lang=\"fr\" target=\"_blank\" href=\"https:\/\/www.santepubliqueottawa.ca\/fr\/public-health-topics\/covid-19-vaccine.aspx\" rel=\"noopener\">Sant\u00e9 publique Ottawa&nbsp;: Le vaccin contre la COVID-19<\/a><\/p>\n<p><span class=\"colour-dark-green fw-bold\">[Peterborough (Ontario)]<\/span>&nbsp;&nbsp;<a lang=\"en\" target=\"_blank\" href=\"https:\/\/www.peterboroughpublichealth.ca\/novel-coronavirus-covid-19\/covid-19-vaccine-clinic\/\" rel=\"noopener\">Peterborough Public Health&nbsp;: COVID-19&nbsp;: Vaccine Information<\/a><\/p>\n<p><span class=\"colour-dark-green fw-bold\">[R\u00e9gion de Waterloo (Ontario)]<\/span>&nbsp;&nbsp;<a lang=\"fr\" target=\"_blank\" href=\"https:\/\/www.regionofwaterloo.ca\/en\/health-and-wellness\/covid-19-vaccine.aspx\" rel=\"noopener\">R\u00e9gion de Waterloo&nbsp;: Vaccin contre la COVID-19<\/a><\/p>\n<p><span class=\"colour-dark-green fw-bold\">[Toronto]<\/span>&nbsp;&nbsp;<a lang=\"fr\" target=\"_blank\" href=\"https:\/\/www-toronto-ca.translate.goog\/community-people\/health-wellness-care\/health-programs-advice\/respiratory-viruses\/covid-19\/covid-19-vaccines\/covid-19-how-to-get-vaccinated\/?_x_tr_sl=en&#038;_x_tr_tl=fr&#038;_x_tr_hl=en\" rel=\"noopener\">Ville de Toronto&nbsp;: COVID-19&nbsp;: O\u00f9 se faire vacciner<\/a><\/p>\n<hr>\n<h2 id=\"quebec\">Qu\u00e9bec<\/h2>\n<p><span class=\"colour-dark-green fw-bold\">[Qu\u00e9bec]<\/span>&nbsp;&nbsp;<a target=\"_blank\" lang=\"fr\" href=\"https:\/\/www.quebec.ca\/sante\/conseils-et-prevention\/vaccination\/vaccin-contre-la-covid-19\" rel=\"noopener\">Qu\u00e9bec&nbsp;: Vaccination contre la COVID-19<\/a><\/p>\n<hr>\n<h2 id=\"territoires-du-nord-ouest\">Territoires du Nord-Ouest<\/h2>\n<p><span class=\"colour-dark-green fw-bold\">[Territoires du Nord-Ouest]<\/span>&nbsp;&nbsp;<a target=\"_blank\" lang=\"fr\" href=\"https:\/\/www.nthssa.ca\/fr\/vaccin-covid\" rel=\"noopener\">Administration des services de sant\u00e9 et des services sociaux&nbsp;: Le vaccin contre la COVID-19<\/a><\/p>\n<hr>\n<h2 id=\"yukon\">Yukon<\/h2>\n<p><span class=\"colour-dark-green fw-bold\">[Yukon]<\/span>&nbsp;&nbsp;<a target=\"_blank\" lang=\"fr\" href=\"https:\/\/yukon.ca\/fr\/vaccin-contre-covid-19\" rel=\"noopener\">Yukon&nbsp;: Vaccin contre la COVID-19<\/a><\/p>\n","protected":false},"excerpt":{"rendered":"<p>Contenu de la page Colombie-Britannique Manitoba Nouveau-Brunswick Nouvelle-\u00c9cosse Nunavut Ontario Qu\u00e9bec Territoires du Nord-Ouest Yukon Colombie-Britannique [Colombie-Britannique]&nbsp;&nbsp;Gouvernement de la Colombie-Britannique&nbsp;: Vaccination contre la COVID-19 [Colombie-Britannique]&nbsp;&nbsp;HealthLinkBC:&#8230;<\/p>\n<div class=\"more-link-wrapper\"><a class=\"more-link\" href=\"https:\/\/stillcoviding.ca\/fr\/ressources\/vaccins-contre-la-covid-19\/\">Lire la suite<span class=\"screen-reader-text\">Vaccins contre la COVID-19<\/span><\/a><\/div>\n","protected":false},"author":2,"featured_media":0,"parent":265,"menu_order":0,"comment_status":"closed","ping_status":"closed","template":"","meta":{"footnotes":""},"class_list":["post-2289","page","type-page","status-publish","hentry","entry"],"_links":{"self":[{"href":"https:\/\/stillcoviding.ca\/fr\/wp-json\/wp\/v2\/pages\/2289","targetHints":{"allow":["GET"]}}],"collection":[{"href":"https:\/\/stillcoviding.ca\/fr\/wp-json\/wp\/v2\/pages"}],"about":[{"href":"https:\/\/stillcoviding.ca\/fr\/wp-json\/wp\/v2\/types\/page"}],"author":[{"embeddable":true,"href":"https:\/\/stillcoviding.ca\/fr\/wp-json\/wp\/v2\/users\/2"}],"replies":[{"embeddable":true,"href":"https:\/\/stillcoviding.ca\/fr\/wp-json\/wp\/v2\/comments?post=2289"}],"version-history":[{"count":6,"href":"https:\/\/stillcoviding.ca\/fr\/wp-json\/wp\/v2\/pages\/2289\/revisions"}],"predecessor-version":[{"id":2624,"href":"https:\/\/stillcoviding.ca\/fr\/wp-json\/wp\/v2\/pages\/2289\/revisions\/2624"}],"up":[{"embeddable":true,"href":"https:\/\/stillcoviding.ca\/fr\/wp-json\/wp\/v2\/pages\/265"}],"wp:attachment":[{"href":"https:\/\/stillcoviding.ca\/fr\/wp-json\/wp\/v2\/media?parent=2289"}],"curies":[{"name":"wp","href":"https:\/\/api.w.org\/{rel}","templated":true}]}}