{"id":2625,"date":"2023-11-12T11:00:00","date_gmt":"2023-11-12T16:00:00","guid":{"rendered":"https:\/\/stillcoviding.ca\/fr\/?page_id=2625"},"modified":"2026-01-04T02:13:00","modified_gmt":"2026-01-04T07:13:00","slug":"tests-rapides","status":"publish","type":"page","link":"https:\/\/stillcoviding.ca\/fr\/ressources\/tests-rapides\/","title":{"rendered":"Tests rapides"},"content":{"rendered":"<nav class=\"page-content-nav\" aria-labelledby=\"content-header\" id=\"toc\">\n<header id=\"content-header\">Contenu de la page<\/header>\n<div>\n<ul id=\"markdown-toc\">\n<li><a href=\"#magasins\">Magasins<\/a><\/li>\n<li><a href=\"#ressources\">Ressources<\/a><\/li>\n<\/ul>\n<\/div>\n<\/nav>\n<h2 id=\"magasins\">Magasins<\/h2>\n<p><span class=\"colour-dark-green font-weight-700\">[Canada]<\/span>&nbsp;<a target=\"_blank\" lang=\"en\" href=\"https:\/\/www.ppe-supply.com\/\" rel=\"noopener\">PPE Supply Canada<\/a> &mdash; vend les <a target=\"_blank\" lang=\"en\" href=\"https:\/\/www.ppe-supply.com\/products\/flowflex-covid-19-antigen-rapid-test-kits\" rel=\"noopener\">tests rapides Flowflex<\/a> et les <a target=\"_blank\" lang=\"en\" href=\"https:\/\/www.ppe-supply.com\/products\/welllife-covid-19-influenza-a-b-home-test\" rel=\"noopener\">tests \u00e0 domicle WELLlife COVID-19 \u2044 Influenza&nbsp;A and B<\/a>.<\/p>\n<p><span class=\"colour-dark-green fw-bold\">[Union europ\u00e9enne]<\/span>&nbsp;<a target=\"_blank\" lang=\"en\" href=\"https:\/\/www.maskwholesale.eu\/\" rel=\"noopener\">maskwholesale.eu<\/a> &mdash; Ce magasin est bas\u00e9 en Allemagne, mais il peut exp\u00e9dier des tests rapides et des respirateurs \u00e0 des adresses internationales. Il existe une bonne s\u00e9lection de tests rapides et de respirateurs (par ex. les tests rapides Flowflex).<\/p>\n<p>Pour la COVID-19, la grippe et le VRS&nbsp;: le <a target=\"_blank\" lang=\"en\" href=\"https:\/\/www.maskwholesale.eu\/rapid-tests\/self-tests\/fluorecare-sars-cov-2-influenza-a-b-rsv-4in1-antigen-self-test_350_1606\/\">kit de test combin\u00e9 de l\u2019antig\u00e8ne Fluorecare du SARS-CoV-2, de la grippe A\/B, et du VRS<\/a> est une bonne option.<\/p>\n<p><span class=\"colour-dark-green fw-bold\">[Union europ\u00e9enne]<\/span>&nbsp;<a target=\"_blank\" href=\"https:\/\/altruan.world\/\" rel=\"noopener\">Altruan<\/a> &mdash; Bas\u00e9 en Allemagne, et il peut exp\u00e9dier les <a target=\"_blank\" href=\"https:\/\/altruan.world\/collections\/pluslife\" rel=\"noopener\">tests Pluslife<\/a> \u00e0 des adresses internationales. Les tests de Pluslife sont plus pr\u00e9cis que les tests rapides d\u2019antig\u00e8ne, mais ils sont plus chers.<\/p>\n<h2 id=\"ressources\">Ressources<\/h2>\n<p><span class=\"colour-dark-green fw-bold\">[Canada]<\/span>&nbsp;<a target=\"_blank\" lang=\"fr\" href=\"https:\/\/www.canada.ca\/fr\/sante-publique\/services\/maladies\/2019-nouveau-coronavirus\/symptomes\/ressources-provinces-territoires-covid-19.html\" rel=\"noopener\">COVID-19&nbsp;: Ressources des provinces et des territoires<\/a>.<\/p>\n<p><span class=\"colour-dark-green fw-bold\">[Ottawa]<\/span>&nbsp;<a target=\"_blank\" lang=\"en\" href=\"https:\/\/www.santepubliqueottawa.ca\/fr\/shared-content\/assessment-centres.aspx#Lieux-de-ramassage-des-tests-antigniques-rapides\" rel=\"noopener\">Sant\u00e9 publique Ottawa&nbsp;: Informations sur les tests et traitement de la COVID-19<\/a> &mdash; Les r\u00e9sidents d\u2019Ottawa peuvent se procurer gratuitement des trousses de test rapide antig\u00e9nique dans diff\u00e9rents endroits de la ville, incluant la Biblioth\u00e8que publique d\u2019Ottawa et les <a target=\"_blank\" lang=\"fr\" href=\"https:\/\/www.santepubliqueottawa.ca\/fr\/public-health-topics\/neighbourhood-health-and-wellness-hubs.aspx\" rel=\"noopener\">Centres de bien-\u00eatre et de sant\u00e9 de quartier<\/a>. Vous pouvez utiliser une carte pour trouver un endroit pr\u00e8s de chez vous.<\/p>\n<p><span class=\"colour-dark-green fw-bold\">[Toronto]<\/span>&nbsp;<a target=\"_blank\" lang=\"en\" href=\"https:\/\/www.toronto.ca\/community-people\/health-wellness-care\/health-programs-advice\/respiratory-viruses\/covid-19\/covid-19-what-you-should-do\/covid-19-testing\/\" rel=\"noopener\">Toronto: COVID-19: Testing<\/a> &mdash; Trouvez des tests antig\u00e9niques rapides gratuits pr\u00e8s de chez vous. Des tests antig\u00e9niques rapides gratuits sont disponibles dans toutes les succursales de la biblioth\u00e8que publique de Toronto, \u00e0 l\u2019h\u00f4tel de ville et dans un certain nombre d\u2019autres endroits \u00e0 Toronto.<\/p>\n","protected":false},"excerpt":{"rendered":"<p>Contenu de la page Magasins Ressources Magasins [Canada]&nbsp;PPE Supply Canada &mdash; vend les tests rapides Flowflex et les tests \u00e0 domicle WELLlife COVID-19 \u2044 Influenza&nbsp;A&#8230;<\/p>\n<div class=\"more-link-wrapper\"><a class=\"more-link\" href=\"https:\/\/stillcoviding.ca\/fr\/ressources\/tests-rapides\/\">Lire la suite<span class=\"screen-reader-text\">Tests rapides<\/span><\/a><\/div>\n","protected":false},"author":2,"featured_media":3125,"parent":265,"menu_order":0,"comment_status":"closed","ping_status":"closed","template":"","meta":{"footnotes":""},"class_list":["post-2625","page","type-page","status-publish","has-post-thumbnail","hentry","entry"],"_links":{"self":[{"href":"https:\/\/stillcoviding.ca\/fr\/wp-json\/wp\/v2\/pages\/2625","targetHints":{"allow":["GET"]}}],"collection":[{"href":"https:\/\/stillcoviding.ca\/fr\/wp-json\/wp\/v2\/pages"}],"about":[{"href":"https:\/\/stillcoviding.ca\/fr\/wp-json\/wp\/v2\/types\/page"}],"author":[{"embeddable":true,"href":"https:\/\/stillcoviding.ca\/fr\/wp-json\/wp\/v2\/users\/2"}],"replies":[{"embeddable":true,"href":"https:\/\/stillcoviding.ca\/fr\/wp-json\/wp\/v2\/comments?post=2625"}],"version-history":[{"count":7,"href":"https:\/\/stillcoviding.ca\/fr\/wp-json\/wp\/v2\/pages\/2625\/revisions"}],"predecessor-version":[{"id":9952,"href":"https:\/\/stillcoviding.ca\/fr\/wp-json\/wp\/v2\/pages\/2625\/revisions\/9952"}],"up":[{"embeddable":true,"href":"https:\/\/stillcoviding.ca\/fr\/wp-json\/wp\/v2\/pages\/265"}],"wp:featuredmedia":[{"embeddable":true,"href":"https:\/\/stillcoviding.ca\/fr\/wp-json\/wp\/v2\/media\/3125"}],"wp:attachment":[{"href":"https:\/\/stillcoviding.ca\/fr\/wp-json\/wp\/v2\/media?parent=2625"}],"curies":[{"name":"wp","href":"https:\/\/api.w.org\/{rel}","templated":true}]}}